{"id":1524,"date":"2026-02-16T11:27:53","date_gmt":"2026-02-16T10:27:53","guid":{"rendered":"https:\/\/thames.bestwebs.dev\/?page_id=1524"},"modified":"2026-04-14T09:08:16","modified_gmt":"2026-04-14T07:08:16","slug":"politica-de-cookies","status":"publish","type":"page","link":"https:\/\/thamesbritishschool.es\/es\/politica-de-cookies\/","title":{"rendered":"Pol\u00edtica de cookies"},"content":{"rendered":"\t\t<div data-elementor-type=\"wp-page\" data-elementor-id=\"1524\" class=\"elementor elementor-1524\" data-elementor-post-type=\"page\">\n\t\t\t\t<div class=\"elementor-element elementor-element-3a0f309 e-flex e-con-boxed e-con e-parent\" data-id=\"3a0f309\" data-element_type=\"container\" data-e-type=\"container\">\n\t\t\t\t\t<div class=\"e-con-inner\">\n\t\t\t\t<div class=\"elementor-element elementor-element-66f88ef elementor-widget elementor-widget-spacer\" data-id=\"66f88ef\" data-element_type=\"widget\" data-e-type=\"widget\" data-widget_type=\"spacer.default\">\n\t\t\t\t<div class=\"elementor-widget-container\">\n\t\t\t\t\t\t\t<div class=\"elementor-spacer\">\n\t\t\t<div class=\"elementor-spacer-inner\"><\/div>\n\t\t<\/div>\n\t\t\t\t\t\t<\/div>\n\t\t\t\t<\/div>\n\t\t\t\t<div class=\"elementor-element elementor-element-fcad22f elementor-widget elementor-widget-heading\" data-id=\"fcad22f\" data-element_type=\"widget\" data-e-type=\"widget\" data-widget_type=\"heading.default\">\n\t\t\t\t<div class=\"elementor-widget-container\">\n\t\t\t\t\t<h1 class=\"elementor-heading-title elementor-size-default\">Pol\u00edtica de cookies.<\/h1>\t\t\t\t<\/div>\n\t\t\t\t<\/div>\n\t\t\t\t<div class=\"elementor-element elementor-element-0282b33 elementor-widget elementor-widget-spacer\" data-id=\"0282b33\" data-element_type=\"widget\" data-e-type=\"widget\" data-widget_type=\"spacer.default\">\n\t\t\t\t<div class=\"elementor-widget-container\">\n\t\t\t\t\t\t\t<div class=\"elementor-spacer\">\n\t\t\t<div class=\"elementor-spacer-inner\"><\/div>\n\t\t<\/div>\n\t\t\t\t\t\t<\/div>\n\t\t\t\t<\/div>\n\t\t\t\t\t<\/div>\n\t\t\t\t<\/div>\n\t\t<div class=\"elementor-element elementor-element-6dce27b e-flex e-con-boxed e-con e-parent\" data-id=\"6dce27b\" data-element_type=\"container\" data-e-type=\"container\">\n\t\t\t\t\t<div class=\"e-con-inner\">\n\t\t<div class=\"elementor-element elementor-element-95611f8 e-con-full e-flex e-con e-child\" data-id=\"95611f8\" data-element_type=\"container\" data-e-type=\"container\">\n\t\t\t\t<div class=\"elementor-element elementor-element-3596a6b elementor-widget elementor-widget-text-editor\" data-id=\"3596a6b\" data-element_type=\"widget\" data-e-type=\"widget\" data-widget_type=\"text-editor.default\">\n\t\t\t\t<div class=\"elementor-widget-container\">\n\t\t\t\t\t\t\t\t\t<h2><span style=\"color: #e8124e;\"><b>Pol\u00edtica de cookies (Thames British School Madrid)<\/b><\/span><\/h2><p>\u00daltima actualizaci\u00f3n: 26 de enero de 2026<\/p><h3><b>1. \u00bfQu\u00e9 son las cookies?<\/b><\/h3><p>Las cookies son peque\u00f1os archivos de texto que se almacenan en su dispositivo (ordenador, tableta, smartphone) cuando visita un sitio web. Ayudan a que el sitio funcione correctamente, recuerdan sus preferencias y (cuando se permite) nos ayudan a entender c\u00f3mo usan los visitantes nuestro sitio web.<\/p><p>Algunas cookies pueden implicar el tratamiento de datos personales (por ejemplo, identificadores online). Para m\u00e1s informaci\u00f3n sobre c\u00f3mo tratamos los datos personales y sus derechos, consulte nuestra Pol\u00edtica de privacidad.<\/p><h3><b>2. \u00bfQui\u00e9n es el responsable de este sitio web?<\/b><\/h3><p>Titular del sitio web \/ Responsable del tratamiento: ENDAZE BRITISH INTERNATIONAL SCHOOL S.L.<br \/>CIF: B-87486171<br \/>Domicilio: Calle Barbero de Sevilla, n\u00ba 16, Majadahonda, Madrid, Espa\u00f1a<br \/>Correo de DPO \/ privacidad: info@thamesbritishschool.es<\/p><h3><b>3. \u00bfQu\u00e9 cookies utilizamos?<\/b><\/h3><p>Utilizamos un panel de configuraci\u00f3n de cookies que clasifica las cookies y le permite aceptar, rechazar o modificar sus preferencias.<\/p><p>Utilizamos las siguientes categor\u00edas:<\/p><h4><b><i>A) Cookies estrictamente necesarias (siempre activas)<\/i><\/b><\/h4><p>Estas cookies son esenciales para el funcionamiento del sitio web y no pueden desactivarse en nuestros sistemas. Normalmente solo se establecen en respuesta a acciones realizadas por usted, como configurar sus preferencias de privacidad, completar formularios o navegar por las p\u00e1ginas.<\/p><p>Si bloquea estas cookies en su navegador, algunas partes del sitio web pueden no funcionar correctamente y puede que sus preferencias de cookies no se guarden.<\/p><h4><b><i>B) Cookies de anal\u00edtica \/ de terceros (opcionales)<\/i><\/b><\/h4><p>Estas cookies nos ayudan a entender c\u00f3mo se utiliza el sitio web (p. ej., n\u00famero de visitantes, p\u00e1ginas m\u00e1s visitadas) para poder mejorarlo. Si se habilitan, esto puede incluir cookies establecidas por proveedores terceros, como servicios de anal\u00edtica.<\/p><p>Solo instalamos cookies no esenciales cuando usted presta su consentimiento. Puede cambiar de opini\u00f3n en cualquier momento (v\u00e9ase la secci\u00f3n 5).<\/p><h3><b>4. Lista de cookies<\/b><\/h3><p>Dado que las cookies pueden cambiar cuando actualizamos el sitio web (plugins, contenido incrustado, configuraci\u00f3n de anal\u00edtica), la lista exacta de cookies puede variar con el tiempo.<\/p><p>Cuando est\u00e9 disponible, el panel de configuraci\u00f3n de cookies proporcionar\u00e1 informaci\u00f3n sobre las cookies en uso. Tambi\u00e9n puede solicitar m\u00e1s detalles contactando con info@thamesbritishschool.es.<\/p><h3><b>5. C\u00f3mo gestionar las cookies (cambiar o retirar el consentimiento)<\/b><\/h3><p>Puede gestionar las cookies de dos formas:<\/p><ul><li aria-level=\"1\">Panel de configuraci\u00f3n de cookies (recomendado): utilice \u201cAjustes de cookies \/ Preferencias de cookies\u201d en el sitio web para habilitar o deshabilitar categor\u00edas opcionales.<\/li><li aria-level=\"1\">Configuraci\u00f3n del navegador: puede bloquear o eliminar cookies a trav\u00e9s de su navegador (nota: bloquear cookies esenciales puede afectar a la funcionalidad del sitio).<\/li><\/ul><h3><b>6. Transferencias internacionales (si aplica)<\/b><\/h3><p>Algunos proveedores terceros pueden tratar datos fuera del Espacio Econ\u00f3mico Europeo. Cuando esto ocurra, aplicaremos las salvaguardas adecuadas exigidas por la normativa aplicable en materia de protecci\u00f3n de datos.<\/p><h3><b>7. Cambios en esta Pol\u00edtica de cookies<\/b><\/h3><p>Podemos actualizar esta Pol\u00edtica de cookies ocasionalmente. Las actualizaciones se publicar\u00e1n en esta p\u00e1gina con una fecha revisada de \u201c\u00daltima actualizaci\u00f3n\u201d.<\/p><p>\u00a0<\/p>\t\t\t\t\t\t\t\t<\/div>\n\t\t\t\t<\/div>\n\t\t\t\t<\/div>\n\t\t\t\t\t<\/div>\n\t\t\t\t<\/div>\n\t\t<div class=\"elementor-element elementor-element-dee1af3 e-flex e-con-boxed e-con e-parent\" data-id=\"dee1af3\" data-element_type=\"container\" data-e-type=\"container\">\n\t\t\t\t\t<div class=\"e-con-inner\">\n\t\t\t\t<div class=\"elementor-element elementor-element-9b26cec elementor-widget elementor-widget-spacer\" data-id=\"9b26cec\" data-element_type=\"widget\" data-e-type=\"widget\" data-widget_type=\"spacer.default\">\n\t\t\t\t<div class=\"elementor-widget-container\">\n\t\t\t\t\t\t\t<div class=\"elementor-spacer\">\n\t\t\t<div class=\"elementor-spacer-inner\"><\/div>\n\t\t<\/div>\n\t\t\t\t\t\t<\/div>\n\t\t\t\t<\/div>\n\t\t\t\t\t<\/div>\n\t\t\t\t<\/div>\n\t\t<div class=\"elementor-element elementor-element-674fd27b e-flex e-con-boxed e-con e-parent\" data-id=\"674fd27b\" data-element_type=\"container\" data-e-type=\"container\" data-settings=\"{&quot;background_background&quot;:&quot;classic&quot;}\">\n\t\t\t\t\t<div class=\"e-con-inner\">\n\t\t<div class=\"elementor-element elementor-element-1f115c2d e-con-full e-flex e-con e-child\" data-id=\"1f115c2d\" data-element_type=\"container\" data-e-type=\"container\">\n\t\t\t\t<div class=\"elementor-element elementor-element-3a348a58 elementor-widget elementor-widget-spacer\" data-id=\"3a348a58\" data-element_type=\"widget\" data-e-type=\"widget\" data-widget_type=\"spacer.default\">\n\t\t\t\t<div class=\"elementor-widget-container\">\n\t\t\t\t\t\t\t<div class=\"elementor-spacer\">\n\t\t\t<div class=\"elementor-spacer-inner\"><\/div>\n\t\t<\/div>\n\t\t\t\t\t\t<\/div>\n\t\t\t\t<\/div>\n\t\t\t\t<div class=\"elementor-element elementor-element-7bbf5496 elementor-widget elementor-widget-heading\" data-id=\"7bbf5496\" data-element_type=\"widget\" data-e-type=\"widget\" data-widget_type=\"heading.default\">\n\t\t\t\t<div class=\"elementor-widget-container\">\n\t\t\t\t\t<h2 class=\"elementor-heading-title elementor-size-default\">\u00danete a nuestra familia en cualquier momento del a\u00f1o.<\/h2>\t\t\t\t<\/div>\n\t\t\t\t<\/div>\n\t\t\t\t<div class=\"elementor-element elementor-element-69c894e7 elementor-widget elementor-widget-text-editor\" data-id=\"69c894e7\" data-element_type=\"widget\" data-e-type=\"widget\" data-widget_type=\"text-editor.default\">\n\t\t\t\t<div class=\"elementor-widget-container\">\n\t\t\t\t\t\t\t\t\t<p>En <b>Thames British School<\/b>, nos enorgullece ser un colegio internacional <b>inclusivo<\/b> que admite alumnos de <b>1 a 18 a\u00f1os<\/b>. Aceptamos solicitudes <b>en cualquier momento del a\u00f1o<\/b> y acompa\u00f1amos a cada familia en <b>todas las etapas<\/b> del proceso de admisi\u00f3n.<\/p>\t\t\t\t\t\t\t\t<\/div>\n\t\t\t\t<\/div>\n\t\t\t\t<div class=\"elementor-element elementor-element-35678ee7 elementor-mobile-align-center elementor-widget elementor-widget-button\" data-id=\"35678ee7\" data-element_type=\"widget\" data-e-type=\"widget\" data-widget_type=\"button.default\">\n\t\t\t\t<div class=\"elementor-widget-container\">\n\t\t\t\t\t\t\t\t\t<div class=\"elementor-button-wrapper\">\n\t\t\t\t\t<a class=\"elementor-button elementor-button-link elementor-size-sm\" href=\"#\">\n\t\t\t\t\t\t<span class=\"elementor-button-content-wrapper\">\n\t\t\t\t\t\t<span class=\"elementor-button-icon\">\n\t\t\t\t<i aria-hidden=\"true\" class=\"fas fa-arrow-circle-right\"><\/i>\t\t\t<\/span>\n\t\t\t\t\t\t\t\t\t<span class=\"elementor-button-text\">Formulario de admisiones<\/span>\n\t\t\t\t\t<\/span>\n\t\t\t\t\t<\/a>\n\t\t\t\t<\/div>\n\t\t\t\t\t\t\t\t<\/div>\n\t\t\t\t<\/div>\n\t\t\t\t<div class=\"elementor-element elementor-element-3509a23d elementor-widget elementor-widget-spacer\" data-id=\"3509a23d\" data-element_type=\"widget\" data-e-type=\"widget\" data-widget_type=\"spacer.default\">\n\t\t\t\t<div class=\"elementor-widget-container\">\n\t\t\t\t\t\t\t<div class=\"elementor-spacer\">\n\t\t\t<div class=\"elementor-spacer-inner\"><\/div>\n\t\t<\/div>\n\t\t\t\t\t\t<\/div>\n\t\t\t\t<\/div>\n\t\t\t\t<\/div>\n\t\t<div class=\"elementor-element elementor-element-45a996be e-con-full e-flex e-con e-child\" data-id=\"45a996be\" data-element_type=\"container\" data-e-type=\"container\">\n\t\t\t\t<div class=\"elementor-element elementor-element-42e7a569 elementor-widget elementor-widget-image\" data-id=\"42e7a569\" data-element_type=\"widget\" data-e-type=\"widget\" data-widget_type=\"image.default\">\n\t\t\t\t<div class=\"elementor-widget-container\">\n\t\t\t\t\t\t\t\t\t\t\t\t\t\t\t<img fetchpriority=\"high\" decoding=\"async\" width=\"600\" height=\"900\" src=\"https:\/\/thamesbritishschool.es\/wp-content\/uploads\/2025\/12\/admisiones.jpg\" class=\"attachment-full size-full wp-image-229\" alt=\"\" srcset=\"https:\/\/thamesbritishschool.es\/wp-content\/uploads\/2025\/12\/admisiones.jpg 600w, https:\/\/thamesbritishschool.es\/wp-content\/uploads\/2025\/12\/admisiones-200x300.jpg 200w\" sizes=\"(max-width: 600px) 100vw, 600px\" \/>\t\t\t\t\t\t\t\t\t\t\t\t\t\t\t<\/div>\n\t\t\t\t<\/div>\n\t\t\t\t<\/div>\n\t\t\t\t\t<\/div>\n\t\t\t\t<\/div>\n\t\t\t\t<\/div>\n\t\t","protected":false},"excerpt":{"rendered":"<p>Pol\u00edtica de cookies. Pol\u00edtica de cookies (Thames British School Madrid) \u00daltima actualizaci\u00f3n: 26 de enero de 2026 1. \u00bfQu\u00e9 son las cookies? Las cookies son peque\u00f1os archivos de texto que se almacenan en su dispositivo (ordenador, tableta, smartphone) cuando visita un sitio web. Ayudan a que el sitio funcione correctamente, recuerdan sus preferencias y (cuando [&hellip;]<\/p>\n","protected":false},"author":1,"featured_media":0,"parent":0,"menu_order":70,"comment_status":"closed","ping_status":"closed","template":"","meta":{"footnotes":""},"class_list":["post-1524","page","type-page","status-publish","hentry"],"yoast_head":"<!-- This site is optimized with the Yoast SEO plugin v27.3 - https:\/\/yoast.com\/product\/yoast-seo-wordpress\/ -->\n<title>Pol\u00edtica de cookies - Thames British School<\/title>\n<meta name=\"robots\" content=\"noindex, follow, max-snippet:-1, max-image-preview:large, max-video-preview:-1\" \/>\n<meta property=\"og:locale\" content=\"es_ES\" \/>\n<meta property=\"og:type\" content=\"article\" \/>\n<meta property=\"og:title\" content=\"Pol\u00edtica de cookies - Thames British School\" \/>\n<meta property=\"og:description\" content=\"Pol\u00edtica de cookies. Pol\u00edtica de cookies (Thames British School Madrid) \u00daltima actualizaci\u00f3n: 26 de enero de 2026 1. \u00bfQu\u00e9 son las cookies? Las cookies son peque\u00f1os archivos de texto que se almacenan en su dispositivo (ordenador, tableta, smartphone) cuando visita un sitio web. Ayudan a que el sitio funcione correctamente, recuerdan sus preferencias y (cuando [&hellip;]\" \/>\n<meta property=\"og:url\" content=\"https:\/\/thamesbritishschool.es\/es\/politica-de-cookies\/\" \/>\n<meta property=\"og:site_name\" content=\"Thames British School\" \/>\n<meta property=\"article:modified_time\" content=\"2026-04-14T07:08:16+00:00\" \/>\n<meta property=\"og:image\" content=\"https:\/\/thamesbritishschool.es\/wp-content\/uploads\/2025\/12\/admisiones.jpg\" \/>\n<meta name=\"twitter:card\" content=\"summary_large_image\" \/>\n<meta name=\"twitter:label1\" content=\"Tiempo de lectura\" \/>\n\t<meta name=\"twitter:data1\" content=\"3 minutos\" \/>\n<script type=\"application\/ld+json\" class=\"yoast-schema-graph\">{\"@context\":\"https:\\\/\\\/schema.org\",\"@graph\":[{\"@type\":\"WebPage\",\"@id\":\"https:\\\/\\\/thamesbritishschool.es\\\/es\\\/politica-de-cookies\\\/\",\"url\":\"https:\\\/\\\/thamesbritishschool.es\\\/es\\\/politica-de-cookies\\\/\",\"name\":\"Pol\u00edtica de cookies - Thames British School\",\"isPartOf\":{\"@id\":\"https:\\\/\\\/thamesbritishschool.es\\\/es\\\/#website\"},\"primaryImageOfPage\":{\"@id\":\"https:\\\/\\\/thamesbritishschool.es\\\/es\\\/politica-de-cookies\\\/#primaryimage\"},\"image\":{\"@id\":\"https:\\\/\\\/thamesbritishschool.es\\\/es\\\/politica-de-cookies\\\/#primaryimage\"},\"thumbnailUrl\":\"https:\\\/\\\/thamesbritishschool.es\\\/wp-content\\\/uploads\\\/2025\\\/12\\\/admisiones.jpg\",\"datePublished\":\"2026-02-16T10:27:53+00:00\",\"dateModified\":\"2026-04-14T07:08:16+00:00\",\"breadcrumb\":{\"@id\":\"https:\\\/\\\/thamesbritishschool.es\\\/es\\\/politica-de-cookies\\\/#breadcrumb\"},\"inLanguage\":\"es\",\"potentialAction\":[{\"@type\":\"ReadAction\",\"target\":[\"https:\\\/\\\/thamesbritishschool.es\\\/es\\\/politica-de-cookies\\\/\"]}]},{\"@type\":\"ImageObject\",\"inLanguage\":\"es\",\"@id\":\"https:\\\/\\\/thamesbritishschool.es\\\/es\\\/politica-de-cookies\\\/#primaryimage\",\"url\":\"https:\\\/\\\/thamesbritishschool.es\\\/wp-content\\\/uploads\\\/2025\\\/12\\\/admisiones.jpg\",\"contentUrl\":\"https:\\\/\\\/thamesbritishschool.es\\\/wp-content\\\/uploads\\\/2025\\\/12\\\/admisiones.jpg\"},{\"@type\":\"BreadcrumbList\",\"@id\":\"https:\\\/\\\/thamesbritishschool.es\\\/es\\\/politica-de-cookies\\\/#breadcrumb\",\"itemListElement\":[{\"@type\":\"ListItem\",\"position\":1,\"name\":\"Home\",\"item\":\"https:\\\/\\\/thamesbritishschool.es\\\/es\\\/\"},{\"@type\":\"ListItem\",\"position\":2,\"name\":\"Pol\u00edtica de cookies\"}]},{\"@type\":\"WebSite\",\"@id\":\"https:\\\/\\\/thamesbritishschool.es\\\/es\\\/#website\",\"url\":\"https:\\\/\\\/thamesbritishschool.es\\\/es\\\/\",\"name\":\"Thames British School\",\"description\":\"\",\"potentialAction\":[{\"@type\":\"SearchAction\",\"target\":{\"@type\":\"EntryPoint\",\"urlTemplate\":\"https:\\\/\\\/thamesbritishschool.es\\\/es\\\/?s={search_term_string}\"},\"query-input\":{\"@type\":\"PropertyValueSpecification\",\"valueRequired\":true,\"valueName\":\"search_term_string\"}}],\"inLanguage\":\"es\"}]}<\/script>\n<!-- \/ Yoast SEO plugin. -->","yoast_head_json":{"title":"Pol\u00edtica de cookies - Thames British School","robots":{"index":"noindex","follow":"follow","max-snippet":"max-snippet:-1","max-image-preview":"max-image-preview:large","max-video-preview":"max-video-preview:-1"},"og_locale":"es_ES","og_type":"article","og_title":"Pol\u00edtica de cookies - Thames British School","og_description":"Pol\u00edtica de cookies. Pol\u00edtica de cookies (Thames British School Madrid) \u00daltima actualizaci\u00f3n: 26 de enero de 2026 1. \u00bfQu\u00e9 son las cookies? Las cookies son peque\u00f1os archivos de texto que se almacenan en su dispositivo (ordenador, tableta, smartphone) cuando visita un sitio web. Ayudan a que el sitio funcione correctamente, recuerdan sus preferencias y (cuando [&hellip;]","og_url":"https:\/\/thamesbritishschool.es\/es\/politica-de-cookies\/","og_site_name":"Thames British School","article_modified_time":"2026-04-14T07:08:16+00:00","og_image":[{"url":"https:\/\/thamesbritishschool.es\/wp-content\/uploads\/2025\/12\/admisiones.jpg","type":"","width":"","height":""}],"twitter_card":"summary_large_image","twitter_misc":{"Tiempo de lectura":"3 minutos"},"schema":{"@context":"https:\/\/schema.org","@graph":[{"@type":"WebPage","@id":"https:\/\/thamesbritishschool.es\/es\/politica-de-cookies\/","url":"https:\/\/thamesbritishschool.es\/es\/politica-de-cookies\/","name":"Pol\u00edtica de cookies - Thames British School","isPartOf":{"@id":"https:\/\/thamesbritishschool.es\/es\/#website"},"primaryImageOfPage":{"@id":"https:\/\/thamesbritishschool.es\/es\/politica-de-cookies\/#primaryimage"},"image":{"@id":"https:\/\/thamesbritishschool.es\/es\/politica-de-cookies\/#primaryimage"},"thumbnailUrl":"https:\/\/thamesbritishschool.es\/wp-content\/uploads\/2025\/12\/admisiones.jpg","datePublished":"2026-02-16T10:27:53+00:00","dateModified":"2026-04-14T07:08:16+00:00","breadcrumb":{"@id":"https:\/\/thamesbritishschool.es\/es\/politica-de-cookies\/#breadcrumb"},"inLanguage":"es","potentialAction":[{"@type":"ReadAction","target":["https:\/\/thamesbritishschool.es\/es\/politica-de-cookies\/"]}]},{"@type":"ImageObject","inLanguage":"es","@id":"https:\/\/thamesbritishschool.es\/es\/politica-de-cookies\/#primaryimage","url":"https:\/\/thamesbritishschool.es\/wp-content\/uploads\/2025\/12\/admisiones.jpg","contentUrl":"https:\/\/thamesbritishschool.es\/wp-content\/uploads\/2025\/12\/admisiones.jpg"},{"@type":"BreadcrumbList","@id":"https:\/\/thamesbritishschool.es\/es\/politica-de-cookies\/#breadcrumb","itemListElement":[{"@type":"ListItem","position":1,"name":"Home","item":"https:\/\/thamesbritishschool.es\/es\/"},{"@type":"ListItem","position":2,"name":"Pol\u00edtica de cookies"}]},{"@type":"WebSite","@id":"https:\/\/thamesbritishschool.es\/es\/#website","url":"https:\/\/thamesbritishschool.es\/es\/","name":"Thames British School","description":"","potentialAction":[{"@type":"SearchAction","target":{"@type":"EntryPoint","urlTemplate":"https:\/\/thamesbritishschool.es\/es\/?s={search_term_string}"},"query-input":{"@type":"PropertyValueSpecification","valueRequired":true,"valueName":"search_term_string"}}],"inLanguage":"es"}]}},"_links":{"self":[{"href":"https:\/\/thamesbritishschool.es\/es\/wp-json\/wp\/v2\/pages\/1524","targetHints":{"allow":["GET"]}}],"collection":[{"href":"https:\/\/thamesbritishschool.es\/es\/wp-json\/wp\/v2\/pages"}],"about":[{"href":"https:\/\/thamesbritishschool.es\/es\/wp-json\/wp\/v2\/types\/page"}],"author":[{"embeddable":true,"href":"https:\/\/thamesbritishschool.es\/es\/wp-json\/wp\/v2\/users\/1"}],"replies":[{"embeddable":true,"href":"https:\/\/thamesbritishschool.es\/es\/wp-json\/wp\/v2\/comments?post=1524"}],"version-history":[{"count":5,"href":"https:\/\/thamesbritishschool.es\/es\/wp-json\/wp\/v2\/pages\/1524\/revisions"}],"predecessor-version":[{"id":2413,"href":"https:\/\/thamesbritishschool.es\/es\/wp-json\/wp\/v2\/pages\/1524\/revisions\/2413"}],"wp:attachment":[{"href":"https:\/\/thamesbritishschool.es\/es\/wp-json\/wp\/v2\/media?parent=1524"}],"curies":[{"name":"wp","href":"https:\/\/api.w.org\/{rel}","templated":true}]}}