{"id":175,"date":"2025-12-10T16:32:43","date_gmt":"2025-12-10T15:32:43","guid":{"rendered":"https:\/\/thames.bestwebs.dev\/?page_id=175"},"modified":"2026-04-14T17:51:12","modified_gmt":"2026-04-14T15:51:12","slug":"que-nos-hace-diferentes","status":"publish","type":"page","link":"https:\/\/thamesbritishschool.es\/es\/colegio-britanico-madrid\/que-nos-hace-diferentes\/","title":{"rendered":"Bienvenida"},"content":{"rendered":"\t\t<div data-elementor-type=\"wp-page\" data-elementor-id=\"175\" class=\"elementor elementor-175\" data-elementor-post-type=\"page\">\n\t\t\t\t<div class=\"elementor-element elementor-element-2a25f67 e-flex e-con-boxed e-con e-parent\" data-id=\"2a25f67\" data-element_type=\"container\" data-e-type=\"container\" data-settings=\"{&quot;background_background&quot;:&quot;video&quot;,&quot;background_video_link&quot;:&quot;https:\\\/\\\/www.youtube.com\\\/watch?v=CI3MauQZ3q4&quot;,&quot;background_motion_fx_devices&quot;:[&quot;desktop&quot;,&quot;tablet&quot;,&quot;mobile&quot;]}\">\n\t\t\t\t\t<div class=\"e-con-inner\">\n\t\t<div class=\"elementor-background-video-container elementor-hidden-mobile\">\n\t\t\t\t\t\t\t<div class=\"elementor-background-video-embed\" role=\"presentation\"><\/div>\n\t\t\t\t\t\t<\/div>\t\t<div class=\"elementor-element elementor-element-a83e7ec elementor-widget elementor-widget-spacer\" data-id=\"a83e7ec\" data-element_type=\"widget\" data-e-type=\"widget\" data-widget_type=\"spacer.default\">\n\t\t\t\t<div class=\"elementor-widget-container\">\n\t\t\t\t\t\t\t<div class=\"elementor-spacer\">\n\t\t\t<div class=\"elementor-spacer-inner\"><\/div>\n\t\t<\/div>\n\t\t\t\t\t\t<\/div>\n\t\t\t\t<\/div>\n\t\t\t\t<div class=\"elementor-element elementor-element-4869e16 elementor-widget elementor-widget-text-editor\" data-id=\"4869e16\" data-element_type=\"widget\" data-e-type=\"widget\" data-settings=\"{&quot;motion_fx_motion_fx_scrolling&quot;:&quot;yes&quot;,&quot;motion_fx_translateY_effect&quot;:&quot;yes&quot;,&quot;motion_fx_translateY_speed&quot;:{&quot;unit&quot;:&quot;px&quot;,&quot;size&quot;:4,&quot;sizes&quot;:[]},&quot;motion_fx_translateY_affectedRange&quot;:{&quot;unit&quot;:&quot;%&quot;,&quot;size&quot;:&quot;&quot;,&quot;sizes&quot;:{&quot;start&quot;:0,&quot;end&quot;:100}},&quot;motion_fx_devices&quot;:[&quot;desktop&quot;,&quot;tablet&quot;,&quot;mobile&quot;]}\" data-widget_type=\"text-editor.default\">\n\t\t\t\t<div class=\"elementor-widget-container\">\n\t\t\t\t\t\t\t\t\t<p>Bienvenidos.<\/p>\t\t\t\t\t\t\t\t<\/div>\n\t\t\t\t<\/div>\n\t\t\t\t<div class=\"elementor-element elementor-element-3260e72 elementor-widget elementor-widget-text-editor\" data-id=\"3260e72\" data-element_type=\"widget\" data-e-type=\"widget\" data-settings=\"{&quot;motion_fx_motion_fx_scrolling&quot;:&quot;yes&quot;,&quot;motion_fx_translateY_effect&quot;:&quot;yes&quot;,&quot;motion_fx_translateY_speed&quot;:{&quot;unit&quot;:&quot;px&quot;,&quot;size&quot;:4,&quot;sizes&quot;:[]},&quot;motion_fx_translateY_affectedRange&quot;:{&quot;unit&quot;:&quot;%&quot;,&quot;size&quot;:&quot;&quot;,&quot;sizes&quot;:{&quot;start&quot;:0,&quot;end&quot;:100}},&quot;motion_fx_devices&quot;:[&quot;desktop&quot;,&quot;tablet&quot;,&quot;mobile&quot;]}\" data-widget_type=\"text-editor.default\">\n\t\t\t\t<div class=\"elementor-widget-container\">\n\t\t\t\t\t\t\t\t\t<p><span class=\"tORug\"><span class=\"\">As\u00ed es Thames British School.<\/span><\/span><\/p>\t\t\t\t\t\t\t\t<\/div>\n\t\t\t\t<\/div>\n\t\t\t\t\t<\/div>\n\t\t\t\t<\/div>\n\t\t<div class=\"elementor-element elementor-element-c75dc3c e-flex e-con-boxed e-con e-parent\" data-id=\"c75dc3c\" data-element_type=\"container\" data-e-type=\"container\">\n\t\t\t\t\t<div class=\"e-con-inner\">\n\t\t\t\t<div class=\"elementor-element elementor-element-dff18f9 elementor-widget elementor-widget-spacer\" data-id=\"dff18f9\" data-element_type=\"widget\" data-e-type=\"widget\" data-widget_type=\"spacer.default\">\n\t\t\t\t<div class=\"elementor-widget-container\">\n\t\t\t\t\t\t\t<div class=\"elementor-spacer\">\n\t\t\t<div class=\"elementor-spacer-inner\"><\/div>\n\t\t<\/div>\n\t\t\t\t\t\t<\/div>\n\t\t\t\t<\/div>\n\t\t\t\t<div class=\"elementor-element elementor-element-1ef8732 elementor-widget elementor-widget-heading\" data-id=\"1ef8732\" data-element_type=\"widget\" data-e-type=\"widget\" data-widget_type=\"heading.default\">\n\t\t\t\t<div class=\"elementor-widget-container\">\n\t\t\t\t\t<h2 class=\"elementor-heading-title elementor-size-default\">Bienvenida<br>de la directora.<\/h2>\t\t\t\t<\/div>\n\t\t\t\t<\/div>\n\t\t\t\t<div class=\"elementor-element elementor-element-2eac931 elementor-widget elementor-widget-text-editor\" data-id=\"2eac931\" data-element_type=\"widget\" data-e-type=\"widget\" data-widget_type=\"text-editor.default\">\n\t\t\t\t<div class=\"elementor-widget-container\">\n\t\t\t\t\t\t\t\t\t<p>Estimadas familias:<\/p>\t\t\t\t\t\t\t\t<\/div>\n\t\t\t\t<\/div>\n\t\t\t\t\t<\/div>\n\t\t\t\t<\/div>\n\t\t<div class=\"elementor-element elementor-element-b8af19a e-flex e-con-boxed e-con e-parent\" data-id=\"b8af19a\" data-element_type=\"container\" data-e-type=\"container\">\n\t\t\t\t\t<div class=\"e-con-inner\">\n\t\t<div class=\"elementor-element elementor-element-31a86db e-con-full e-flex e-con e-child\" data-id=\"31a86db\" data-element_type=\"container\" data-e-type=\"container\">\n\t\t\t\t<div class=\"elementor-element elementor-element-7fcf25d elementor-widget elementor-widget-text-editor\" data-id=\"7fcf25d\" data-element_type=\"widget\" data-e-type=\"widget\" data-widget_type=\"text-editor.default\">\n\t\t\t\t<div class=\"elementor-widget-container\">\n\t\t\t\t\t\t\t\t\t<p>Es un verdadero placer darles la bienvenida a Thames British School, Madrid.<br \/>En Thames, nos enorgullece ofrecer no solo una excelente formaci\u00f3n acad\u00e9mica, sino tambi\u00e9n un entorno lleno de cuidado en el que animamos a cada alumno a crecer, explorar y prosperar. <strong>Creemos en un enfoque hol\u00edstico de la educaci\u00f3n<\/strong>, uno que va m\u00e1s all\u00e1 de los ex\u00e1menes para desarrollar el aspecto intelectual, emocional, social y creativo de cada ni\u00f1o.<br \/>Para nosotros, la educaci\u00f3n es mucho m\u00e1s que obtener titulaciones, se trata de preparar a los j\u00f3venes para afrontar los retos del siglo XXI con confianza, curiosidad y filantrop\u00eda.<br \/><br \/>Nuestros alumnos se benefician de recibir una orientaci\u00f3n acad\u00e9mica y pastoral en una comunidad internacional llena de docentes vocacionales y altamente cualificados. Todos ellos aportan una gran experiencia, perspectivas culturales diversas y una pasi\u00f3n compartida por ayudar a los ni\u00f1os a descubrir sus talentos, seguir sus intereses y alcanzar sus metas. As\u00ed, crean un ambiente c\u00e1lido e inclusivo en el que cada alumno se siente valorado y apoyado.<\/p>\t\t\t\t\t\t\t\t<\/div>\n\t\t\t\t<\/div>\n\t\t\t\t<\/div>\n\t\t\t\t\t<\/div>\n\t\t\t\t<\/div>\n\t\t<div class=\"elementor-element elementor-element-5b08f5e e-flex e-con-boxed e-con e-parent\" data-id=\"5b08f5e\" data-element_type=\"container\" data-e-type=\"container\">\n\t\t\t\t\t<div class=\"e-con-inner\">\n\t\t<div class=\"elementor-element elementor-element-4d11c7c e-con-full e-flex e-con e-child\" data-id=\"4d11c7c\" data-element_type=\"container\" data-e-type=\"container\">\n\t\t\t\t<div class=\"elementor-element elementor-element-4dc7af2 elementor-widget elementor-widget-text-editor\" data-id=\"4dc7af2\" data-element_type=\"widget\" data-e-type=\"widget\" data-widget_type=\"text-editor.default\">\n\t\t\t\t<div class=\"elementor-widget-container\">\n\t\t\t\t\t\t\t\t\t<p>Como colegio brit\u00e1nico, seguimos el <strong>Curr\u00edculo Nacional de Inglaterra<\/strong><strong>,<\/strong> garantizando una educaci\u00f3n rigurosa y reflexiva. Desde la <strong>Etapa de Educaci\u00f3n Infantil (Early Years Foundation Stage)<\/strong> hasta los <strong>Cambridge International AS &amp; A Levels<\/strong>, acompa\u00f1amos a nuestros alumnos en cada fase de su trayectoria.<\/p><p>En <strong>Year 12 y Year 13<\/strong>, los alumnos cursan los <strong>A Levels<\/strong>, lo que les permite seguir el itinerario que mejor se ajusta a sus intereses y objetivos de futuro. En su etapa final obtienen titulaciones reconocidas internacionalmente que les abren las puertas de universidades l\u00edderes en todo el mundo.<\/p><p>Nuestra misi\u00f3n, sin embargo, va m\u00e1s all\u00e1 de lo acad\u00e9mico. <strong>Aspiramos a formar personas seguras e independientes que demuestren perseverancia, respeto y pensamiento cr\u00edtico.<\/strong> Adem\u00e1s, queremos que nuestros alumnos sepan que son capaces de marcar una diferencia en el mundo. Cada d\u00eda, nuestro profesorado trabaja para inspirar esa convicci\u00f3n, ayudando a los j\u00f3venes a crecer no solo en conocimiento, sino tambi\u00e9n en car\u00e1cter.<\/p><p>Les invito a explorar nuestra web para conocer m\u00e1s sobre nuestra vibrante comunidad escolar, nuestra visi\u00f3n y valores, y las emocionantes oportunidades que esperan a nuestros alumnos dentro y fuera del aula.<\/p><p>Y, sobre todo, les animo a visitarnos en persona: comprobar\u00e1n r\u00e1pidamente por qu\u00e9 <strong>Thames British School<\/strong> es un lugar tan especial para aprender, crecer y al que pertenecer.<\/p><p>Un cordial saludo,<\/p><p><strong>Alex Conroy<\/strong><br \/>Head of School<\/p>\t\t\t\t\t\t\t\t<\/div>\n\t\t\t\t<\/div>\n\t\t\t\t<div class=\"elementor-element elementor-element-e1b3120 elementor-widget elementor-widget-spacer\" data-id=\"e1b3120\" data-element_type=\"widget\" data-e-type=\"widget\" data-widget_type=\"spacer.default\">\n\t\t\t\t<div class=\"elementor-widget-container\">\n\t\t\t\t\t\t\t<div class=\"elementor-spacer\">\n\t\t\t<div class=\"elementor-spacer-inner\"><\/div>\n\t\t<\/div>\n\t\t\t\t\t\t<\/div>\n\t\t\t\t<\/div>\n\t\t\t\t<div class=\"elementor-element elementor-element-459571c elementor-align-left elementor-widget elementor-widget-button\" data-id=\"459571c\" data-element_type=\"widget\" data-e-type=\"widget\" data-widget_type=\"button.default\">\n\t\t\t\t<div class=\"elementor-widget-container\">\n\t\t\t\t\t\t\t\t\t<div class=\"elementor-button-wrapper\">\n\t\t\t\t\t<a class=\"elementor-button elementor-button-link elementor-size-sm\" href=\"https:\/\/thamesbritishschool.es\/es\/colegio-britanico-madrid\/bienestar-nino\/\">\n\t\t\t\t\t\t<span class=\"elementor-button-content-wrapper\">\n\t\t\t\t\t\t<span class=\"elementor-button-icon\">\n\t\t\t\t<i aria-hidden=\"true\" class=\"fas fa-arrow-circle-right\"><\/i>\t\t\t<\/span>\n\t\t\t\t\t\t\t\t\t<span class=\"elementor-button-text\">Nuestros principios<\/span>\n\t\t\t\t\t<\/span>\n\t\t\t\t\t<\/a>\n\t\t\t\t<\/div>\n\t\t\t\t\t\t\t\t<\/div>\n\t\t\t\t<\/div>\n\t\t\t\t<\/div>\n\t\t<div class=\"elementor-element elementor-element-2baf5cf e-con-full e-flex e-con e-child\" data-id=\"2baf5cf\" data-element_type=\"container\" data-e-type=\"container\">\n\t\t\t\t<div class=\"elementor-element elementor-element-26d86a4 elementor-widget elementor-widget-image\" data-id=\"26d86a4\" data-element_type=\"widget\" data-e-type=\"widget\" data-settings=\"{&quot;motion_fx_motion_fx_scrolling&quot;:&quot;yes&quot;,&quot;motion_fx_translateY_effect&quot;:&quot;yes&quot;,&quot;motion_fx_translateY_speed&quot;:{&quot;unit&quot;:&quot;px&quot;,&quot;size&quot;:2,&quot;sizes&quot;:[]},&quot;motion_fx_devices&quot;:[&quot;desktop&quot;],&quot;motion_fx_translateY_affectedRange&quot;:{&quot;unit&quot;:&quot;%&quot;,&quot;size&quot;:&quot;&quot;,&quot;sizes&quot;:{&quot;start&quot;:0,&quot;end&quot;:100}}}\" data-widget_type=\"image.default\">\n\t\t\t\t<div class=\"elementor-widget-container\">\n\t\t\t\t\t\t\t\t\t\t\t\t\t\t\t<img fetchpriority=\"high\" decoding=\"async\" width=\"1000\" height=\"1256\" src=\"https:\/\/thamesbritishschool.es\/wp-content\/uploads\/2025\/12\/Directora_alex_conroy_vert.jpg\" class=\"attachment-full size-full wp-image-194\" alt=\"\" srcset=\"https:\/\/thamesbritishschool.es\/wp-content\/uploads\/2025\/12\/Directora_alex_conroy_vert.jpg 1000w, https:\/\/thamesbritishschool.es\/wp-content\/uploads\/2025\/12\/Directora_alex_conroy_vert-239x300.jpg 239w, https:\/\/thamesbritishschool.es\/wp-content\/uploads\/2025\/12\/Directora_alex_conroy_vert-815x1024.jpg 815w, https:\/\/thamesbritishschool.es\/wp-content\/uploads\/2025\/12\/Directora_alex_conroy_vert-768x965.jpg 768w\" sizes=\"(max-width: 1000px) 100vw, 1000px\" \/>\t\t\t\t\t\t\t\t\t\t\t\t\t\t\t<\/div>\n\t\t\t\t<\/div>\n\t\t\t\t<\/div>\n\t\t\t\t\t<\/div>\n\t\t\t\t<\/div>\n\t\t<div class=\"elementor-element elementor-element-dee1af3 e-flex e-con-boxed e-con e-parent\" data-id=\"dee1af3\" data-element_type=\"container\" data-e-type=\"container\">\n\t\t\t\t\t<div class=\"e-con-inner\">\n\t\t\t\t<div class=\"elementor-element elementor-element-9b26cec elementor-widget elementor-widget-spacer\" data-id=\"9b26cec\" data-element_type=\"widget\" data-e-type=\"widget\" data-widget_type=\"spacer.default\">\n\t\t\t\t<div class=\"elementor-widget-container\">\n\t\t\t\t\t\t\t<div class=\"elementor-spacer\">\n\t\t\t<div class=\"elementor-spacer-inner\"><\/div>\n\t\t<\/div>\n\t\t\t\t\t\t<\/div>\n\t\t\t\t<\/div>\n\t\t\t\t\t<\/div>\n\t\t\t\t<\/div>\n\t\t<div class=\"elementor-element elementor-element-2383293 e-flex e-con-boxed e-con e-parent\" data-id=\"2383293\" data-element_type=\"container\" data-e-type=\"container\" data-settings=\"{&quot;background_background&quot;:&quot;classic&quot;}\">\n\t\t\t\t\t<div class=\"e-con-inner\">\n\t\t<div class=\"elementor-element elementor-element-7efda979 e-con-full e-flex e-con e-child\" data-id=\"7efda979\" data-element_type=\"container\" data-e-type=\"container\">\n\t\t\t\t<div class=\"elementor-element elementor-element-8259213 elementor-widget elementor-widget-spacer\" data-id=\"8259213\" data-element_type=\"widget\" data-e-type=\"widget\" data-widget_type=\"spacer.default\">\n\t\t\t\t<div class=\"elementor-widget-container\">\n\t\t\t\t\t\t\t<div class=\"elementor-spacer\">\n\t\t\t<div class=\"elementor-spacer-inner\"><\/div>\n\t\t<\/div>\n\t\t\t\t\t\t<\/div>\n\t\t\t\t<\/div>\n\t\t\t\t<div class=\"elementor-element elementor-element-94985c elementor-widget elementor-widget-heading\" data-id=\"94985c\" data-element_type=\"widget\" data-e-type=\"widget\" data-widget_type=\"heading.default\">\n\t\t\t\t<div class=\"elementor-widget-container\">\n\t\t\t\t\t<h2 class=\"elementor-heading-title elementor-size-default\">\u00danete a nuestra familia en cualquier momento del a\u00f1o.<\/h2>\t\t\t\t<\/div>\n\t\t\t\t<\/div>\n\t\t\t\t<div class=\"elementor-element elementor-element-3895106d elementor-widget elementor-widget-text-editor\" data-id=\"3895106d\" data-element_type=\"widget\" data-e-type=\"widget\" data-widget_type=\"text-editor.default\">\n\t\t\t\t<div class=\"elementor-widget-container\">\n\t\t\t\t\t\t\t\t\t<p>En <b>Thames British School<\/b>, nos enorgullece ser un colegio internacional <b>inclusivo<\/b> que admite alumnos de <b>1 a 18 a\u00f1os<\/b>. Aceptamos solicitudes <b>en cualquier momento del a\u00f1o<\/b> y acompa\u00f1amos a cada familia en <b>todas las etapas<\/b> del proceso de admisi\u00f3n.<\/p>\t\t\t\t\t\t\t\t<\/div>\n\t\t\t\t<\/div>\n\t\t\t\t<div class=\"elementor-element elementor-element-6f540883 elementor-mobile-align-center elementor-widget elementor-widget-button\" data-id=\"6f540883\" data-element_type=\"widget\" data-e-type=\"widget\" data-widget_type=\"button.default\">\n\t\t\t\t<div class=\"elementor-widget-container\">\n\t\t\t\t\t\t\t\t\t<div class=\"elementor-button-wrapper\">\n\t\t\t\t\t<a class=\"elementor-button elementor-button-link elementor-size-sm\" href=\"#\">\n\t\t\t\t\t\t<span class=\"elementor-button-content-wrapper\">\n\t\t\t\t\t\t<span class=\"elementor-button-icon\">\n\t\t\t\t<i aria-hidden=\"true\" class=\"fas fa-arrow-circle-right\"><\/i>\t\t\t<\/span>\n\t\t\t\t\t\t\t\t\t<span class=\"elementor-button-text\">Formulario de admisiones<\/span>\n\t\t\t\t\t<\/span>\n\t\t\t\t\t<\/a>\n\t\t\t\t<\/div>\n\t\t\t\t\t\t\t\t<\/div>\n\t\t\t\t<\/div>\n\t\t\t\t<div class=\"elementor-element elementor-element-3565c875 elementor-widget elementor-widget-spacer\" data-id=\"3565c875\" data-element_type=\"widget\" data-e-type=\"widget\" data-widget_type=\"spacer.default\">\n\t\t\t\t<div class=\"elementor-widget-container\">\n\t\t\t\t\t\t\t<div class=\"elementor-spacer\">\n\t\t\t<div class=\"elementor-spacer-inner\"><\/div>\n\t\t<\/div>\n\t\t\t\t\t\t<\/div>\n\t\t\t\t<\/div>\n\t\t\t\t<\/div>\n\t\t<div class=\"elementor-element elementor-element-56ab759 e-con-full e-flex e-con e-child\" data-id=\"56ab759\" data-element_type=\"container\" data-e-type=\"container\">\n\t\t\t\t<div class=\"elementor-element elementor-element-7e271608 elementor-widget elementor-widget-image\" data-id=\"7e271608\" data-element_type=\"widget\" data-e-type=\"widget\" data-widget_type=\"image.default\">\n\t\t\t\t<div class=\"elementor-widget-container\">\n\t\t\t\t\t\t\t\t\t\t\t\t\t\t\t<img decoding=\"async\" width=\"600\" height=\"900\" src=\"https:\/\/thamesbritishschool.es\/wp-content\/uploads\/2026\/01\/Destacado-admisiones.jpg\" class=\"attachment-full size-full wp-image-1008\" alt=\"\" srcset=\"https:\/\/thamesbritishschool.es\/wp-content\/uploads\/2026\/01\/Destacado-admisiones.jpg 600w, https:\/\/thamesbritishschool.es\/wp-content\/uploads\/2026\/01\/Destacado-admisiones-200x300.jpg 200w\" sizes=\"(max-width: 600px) 100vw, 600px\" \/>\t\t\t\t\t\t\t\t\t\t\t\t\t\t\t<\/div>\n\t\t\t\t<\/div>\n\t\t\t\t<\/div>\n\t\t\t\t\t<\/div>\n\t\t\t\t<\/div>\n\t\t\t\t<\/div>\n\t\t","protected":false},"excerpt":{"rendered":"<p>Bienvenidos. As\u00ed es Thames British School. Bienvenidade la directora. Estimadas familias: Es un verdadero placer darles la bienvenida a Thames British School, Madrid.En Thames, nos enorgullece ofrecer no solo una excelente formaci\u00f3n acad\u00e9mica, sino tambi\u00e9n un entorno lleno de cuidado en el que animamos a cada alumno a crecer, explorar y prosperar. Creemos en un [&hellip;]<\/p>\n","protected":false},"author":1,"featured_media":0,"parent":1472,"menu_order":2,"comment_status":"closed","ping_status":"closed","template":"","meta":{"footnotes":""},"class_list":["post-175","page","type-page","status-publish","hentry"],"yoast_head":"<!-- This site is optimized with the Yoast SEO plugin v27.3 - https:\/\/yoast.com\/product\/yoast-seo-wordpress\/ -->\n<title>Bienvenida - Thames British School<\/title>\n<meta name=\"robots\" content=\"noindex, follow, max-snippet:-1, max-image-preview:large, max-video-preview:-1\" \/>\n<meta property=\"og:locale\" content=\"es_ES\" \/>\n<meta property=\"og:type\" content=\"article\" \/>\n<meta property=\"og:title\" content=\"Bienvenida - Thames British School\" \/>\n<meta property=\"og:description\" content=\"Bienvenidos. As\u00ed es Thames British School. Bienvenidade la directora. Estimadas familias: Es un verdadero placer darles la bienvenida a Thames British School, Madrid.En Thames, nos enorgullece ofrecer no solo una excelente formaci\u00f3n acad\u00e9mica, sino tambi\u00e9n un entorno lleno de cuidado en el que animamos a cada alumno a crecer, explorar y prosperar. Creemos en un [&hellip;]\" \/>\n<meta property=\"og:url\" content=\"https:\/\/thamesbritishschool.es\/es\/colegio-britanico-madrid\/que-nos-hace-diferentes\/\" \/>\n<meta property=\"og:site_name\" content=\"Thames British School\" \/>\n<meta property=\"article:modified_time\" content=\"2026-04-14T15:51:12+00:00\" \/>\n<meta property=\"og:image\" content=\"https:\/\/thamesbritishschool.es\/wp-content\/uploads\/2025\/12\/Directora_alex_conroy_vert.jpg\" \/>\n\t<meta property=\"og:image:width\" content=\"1000\" \/>\n\t<meta property=\"og:image:height\" content=\"1256\" \/>\n\t<meta property=\"og:image:type\" content=\"image\/jpeg\" \/>\n<meta name=\"twitter:card\" content=\"summary_large_image\" \/>\n<meta name=\"twitter:label1\" content=\"Tiempo de lectura\" \/>\n\t<meta name=\"twitter:data1\" content=\"3 minutos\" \/>\n<script type=\"application\/ld+json\" class=\"yoast-schema-graph\">{\"@context\":\"https:\\\/\\\/schema.org\",\"@graph\":[{\"@type\":\"WebPage\",\"@id\":\"https:\\\/\\\/thamesbritishschool.es\\\/es\\\/colegio-britanico-madrid\\\/que-nos-hace-diferentes\\\/\",\"url\":\"https:\\\/\\\/thamesbritishschool.es\\\/es\\\/colegio-britanico-madrid\\\/que-nos-hace-diferentes\\\/\",\"name\":\"Bienvenida - Thames British School\",\"isPartOf\":{\"@id\":\"https:\\\/\\\/thamesbritishschool.es\\\/es\\\/#website\"},\"primaryImageOfPage\":{\"@id\":\"https:\\\/\\\/thamesbritishschool.es\\\/es\\\/colegio-britanico-madrid\\\/que-nos-hace-diferentes\\\/#primaryimage\"},\"image\":{\"@id\":\"https:\\\/\\\/thamesbritishschool.es\\\/es\\\/colegio-britanico-madrid\\\/que-nos-hace-diferentes\\\/#primaryimage\"},\"thumbnailUrl\":\"https:\\\/\\\/thamesbritishschool.es\\\/wp-content\\\/uploads\\\/2025\\\/12\\\/Directora_alex_conroy_vert.jpg\",\"datePublished\":\"2025-12-10T15:32:43+00:00\",\"dateModified\":\"2026-04-14T15:51:12+00:00\",\"breadcrumb\":{\"@id\":\"https:\\\/\\\/thamesbritishschool.es\\\/es\\\/colegio-britanico-madrid\\\/que-nos-hace-diferentes\\\/#breadcrumb\"},\"inLanguage\":\"es\",\"potentialAction\":[{\"@type\":\"ReadAction\",\"target\":[\"https:\\\/\\\/thamesbritishschool.es\\\/es\\\/colegio-britanico-madrid\\\/que-nos-hace-diferentes\\\/\"]}]},{\"@type\":\"ImageObject\",\"inLanguage\":\"es\",\"@id\":\"https:\\\/\\\/thamesbritishschool.es\\\/es\\\/colegio-britanico-madrid\\\/que-nos-hace-diferentes\\\/#primaryimage\",\"url\":\"https:\\\/\\\/thamesbritishschool.es\\\/wp-content\\\/uploads\\\/2025\\\/12\\\/Directora_alex_conroy_vert.jpg\",\"contentUrl\":\"https:\\\/\\\/thamesbritishschool.es\\\/wp-content\\\/uploads\\\/2025\\\/12\\\/Directora_alex_conroy_vert.jpg\"},{\"@type\":\"BreadcrumbList\",\"@id\":\"https:\\\/\\\/thamesbritishschool.es\\\/es\\\/colegio-britanico-madrid\\\/que-nos-hace-diferentes\\\/#breadcrumb\",\"itemListElement\":[{\"@type\":\"ListItem\",\"position\":1,\"name\":\"Home\",\"item\":\"https:\\\/\\\/thamesbritishschool.es\\\/es\\\/\"},{\"@type\":\"ListItem\",\"position\":2,\"name\":\"Sobre Nosotros\",\"item\":\"https:\\\/\\\/thamesbritishschool.es\\\/es\\\/colegio-britanico-madrid\\\/\"},{\"@type\":\"ListItem\",\"position\":3,\"name\":\"Bienvenida\"}]},{\"@type\":\"WebSite\",\"@id\":\"https:\\\/\\\/thamesbritishschool.es\\\/es\\\/#website\",\"url\":\"https:\\\/\\\/thamesbritishschool.es\\\/es\\\/\",\"name\":\"Thames British School\",\"description\":\"\",\"potentialAction\":[{\"@type\":\"SearchAction\",\"target\":{\"@type\":\"EntryPoint\",\"urlTemplate\":\"https:\\\/\\\/thamesbritishschool.es\\\/es\\\/?s={search_term_string}\"},\"query-input\":{\"@type\":\"PropertyValueSpecification\",\"valueRequired\":true,\"valueName\":\"search_term_string\"}}],\"inLanguage\":\"es\"}]}<\/script>\n<!-- \/ Yoast SEO plugin. -->","yoast_head_json":{"title":"Bienvenida - Thames British School","robots":{"index":"noindex","follow":"follow","max-snippet":"max-snippet:-1","max-image-preview":"max-image-preview:large","max-video-preview":"max-video-preview:-1"},"og_locale":"es_ES","og_type":"article","og_title":"Bienvenida - Thames British School","og_description":"Bienvenidos. As\u00ed es Thames British School. Bienvenidade la directora. Estimadas familias: Es un verdadero placer darles la bienvenida a Thames British School, Madrid.En Thames, nos enorgullece ofrecer no solo una excelente formaci\u00f3n acad\u00e9mica, sino tambi\u00e9n un entorno lleno de cuidado en el que animamos a cada alumno a crecer, explorar y prosperar. Creemos en un [&hellip;]","og_url":"https:\/\/thamesbritishschool.es\/es\/colegio-britanico-madrid\/que-nos-hace-diferentes\/","og_site_name":"Thames British School","article_modified_time":"2026-04-14T15:51:12+00:00","og_image":[{"width":1000,"height":1256,"url":"https:\/\/thamesbritishschool.es\/wp-content\/uploads\/2025\/12\/Directora_alex_conroy_vert.jpg","type":"image\/jpeg"}],"twitter_card":"summary_large_image","twitter_misc":{"Tiempo de lectura":"3 minutos"},"schema":{"@context":"https:\/\/schema.org","@graph":[{"@type":"WebPage","@id":"https:\/\/thamesbritishschool.es\/es\/colegio-britanico-madrid\/que-nos-hace-diferentes\/","url":"https:\/\/thamesbritishschool.es\/es\/colegio-britanico-madrid\/que-nos-hace-diferentes\/","name":"Bienvenida - Thames British School","isPartOf":{"@id":"https:\/\/thamesbritishschool.es\/es\/#website"},"primaryImageOfPage":{"@id":"https:\/\/thamesbritishschool.es\/es\/colegio-britanico-madrid\/que-nos-hace-diferentes\/#primaryimage"},"image":{"@id":"https:\/\/thamesbritishschool.es\/es\/colegio-britanico-madrid\/que-nos-hace-diferentes\/#primaryimage"},"thumbnailUrl":"https:\/\/thamesbritishschool.es\/wp-content\/uploads\/2025\/12\/Directora_alex_conroy_vert.jpg","datePublished":"2025-12-10T15:32:43+00:00","dateModified":"2026-04-14T15:51:12+00:00","breadcrumb":{"@id":"https:\/\/thamesbritishschool.es\/es\/colegio-britanico-madrid\/que-nos-hace-diferentes\/#breadcrumb"},"inLanguage":"es","potentialAction":[{"@type":"ReadAction","target":["https:\/\/thamesbritishschool.es\/es\/colegio-britanico-madrid\/que-nos-hace-diferentes\/"]}]},{"@type":"ImageObject","inLanguage":"es","@id":"https:\/\/thamesbritishschool.es\/es\/colegio-britanico-madrid\/que-nos-hace-diferentes\/#primaryimage","url":"https:\/\/thamesbritishschool.es\/wp-content\/uploads\/2025\/12\/Directora_alex_conroy_vert.jpg","contentUrl":"https:\/\/thamesbritishschool.es\/wp-content\/uploads\/2025\/12\/Directora_alex_conroy_vert.jpg"},{"@type":"BreadcrumbList","@id":"https:\/\/thamesbritishschool.es\/es\/colegio-britanico-madrid\/que-nos-hace-diferentes\/#breadcrumb","itemListElement":[{"@type":"ListItem","position":1,"name":"Home","item":"https:\/\/thamesbritishschool.es\/es\/"},{"@type":"ListItem","position":2,"name":"Sobre Nosotros","item":"https:\/\/thamesbritishschool.es\/es\/colegio-britanico-madrid\/"},{"@type":"ListItem","position":3,"name":"Bienvenida"}]},{"@type":"WebSite","@id":"https:\/\/thamesbritishschool.es\/es\/#website","url":"https:\/\/thamesbritishschool.es\/es\/","name":"Thames British School","description":"","potentialAction":[{"@type":"SearchAction","target":{"@type":"EntryPoint","urlTemplate":"https:\/\/thamesbritishschool.es\/es\/?s={search_term_string}"},"query-input":{"@type":"PropertyValueSpecification","valueRequired":true,"valueName":"search_term_string"}}],"inLanguage":"es"}]}},"_links":{"self":[{"href":"https:\/\/thamesbritishschool.es\/es\/wp-json\/wp\/v2\/pages\/175","targetHints":{"allow":["GET"]}}],"collection":[{"href":"https:\/\/thamesbritishschool.es\/es\/wp-json\/wp\/v2\/pages"}],"about":[{"href":"https:\/\/thamesbritishschool.es\/es\/wp-json\/wp\/v2\/types\/page"}],"author":[{"embeddable":true,"href":"https:\/\/thamesbritishschool.es\/es\/wp-json\/wp\/v2\/users\/1"}],"replies":[{"embeddable":true,"href":"https:\/\/thamesbritishschool.es\/es\/wp-json\/wp\/v2\/comments?post=175"}],"version-history":[{"count":58,"href":"https:\/\/thamesbritishschool.es\/es\/wp-json\/wp\/v2\/pages\/175\/revisions"}],"predecessor-version":[{"id":2441,"href":"https:\/\/thamesbritishschool.es\/es\/wp-json\/wp\/v2\/pages\/175\/revisions\/2441"}],"up":[{"embeddable":true,"href":"https:\/\/thamesbritishschool.es\/es\/wp-json\/wp\/v2\/pages\/1472"}],"wp:attachment":[{"href":"https:\/\/thamesbritishschool.es\/es\/wp-json\/wp\/v2\/media?parent=175"}],"curies":[{"name":"wp","href":"https:\/\/api.w.org\/{rel}","templated":true}]}}