{"id":2809,"date":"2026-04-28T11:22:40","date_gmt":"2026-04-28T09:22:40","guid":{"rendered":"https:\/\/thamesbritishschool.es\/?page_id=2809"},"modified":"2026-04-28T11:30:41","modified_gmt":"2026-04-28T09:30:41","slug":"pruebas-teresa","status":"publish","type":"page","link":"https:\/\/thamesbritishschool.es\/es\/pruebas-teresa\/","title":{"rendered":"Pruebas teresa"},"content":{"rendered":"\t\t<div data-elementor-type=\"wp-page\" data-elementor-id=\"2809\" class=\"elementor elementor-2809\" data-elementor-post-type=\"page\">\n\t\t\t\t<div class=\"elementor-element elementor-element-fe0c235 e-flex e-con-boxed e-con e-parent\" data-id=\"fe0c235\" data-element_type=\"container\" data-e-type=\"container\" data-settings=\"{&quot;background_background&quot;:&quot;video&quot;,&quot;background_video_link&quot;:&quot;https:\\\/\\\/www.youtube.com\\\/watch?v=CI3MauQZ3q4&quot;,&quot;background_motion_fx_devices&quot;:[&quot;desktop&quot;,&quot;tablet&quot;,&quot;mobile&quot;]}\">\n\t\t\t\t\t<div class=\"e-con-inner\">\n\t\t<div class=\"elementor-background-video-container elementor-hidden-mobile\">\n\t\t\t\t\t\t\t<div class=\"elementor-background-video-embed\" role=\"presentation\"><\/div>\n\t\t\t\t\t\t<\/div>\t\t<div class=\"elementor-element elementor-element-f8b8ebc elementor-widget elementor-widget-spacer\" data-id=\"f8b8ebc\" data-element_type=\"widget\" data-e-type=\"widget\" data-widget_type=\"spacer.default\">\n\t\t\t\t<div class=\"elementor-widget-container\">\n\t\t\t\t\t\t\t<div class=\"elementor-spacer\">\n\t\t\t<div class=\"elementor-spacer-inner\"><\/div>\n\t\t<\/div>\n\t\t\t\t\t\t<\/div>\n\t\t\t\t<\/div>\n\t\t\t\t<div class=\"elementor-element elementor-element-4a5efb7 elementor-widget elementor-widget-text-editor\" data-id=\"4a5efb7\" data-element_type=\"widget\" data-e-type=\"widget\" data-settings=\"{&quot;motion_fx_motion_fx_scrolling&quot;:&quot;yes&quot;,&quot;motion_fx_translateY_effect&quot;:&quot;yes&quot;,&quot;motion_fx_translateY_speed&quot;:{&quot;unit&quot;:&quot;px&quot;,&quot;size&quot;:4,&quot;sizes&quot;:[]},&quot;motion_fx_translateY_affectedRange&quot;:{&quot;unit&quot;:&quot;%&quot;,&quot;size&quot;:&quot;&quot;,&quot;sizes&quot;:{&quot;start&quot;:0,&quot;end&quot;:100}},&quot;motion_fx_devices&quot;:[&quot;desktop&quot;,&quot;tablet&quot;,&quot;mobile&quot;]}\" data-widget_type=\"text-editor.default\">\n\t\t\t\t<div class=\"elementor-widget-container\">\n\t\t\t\t\t\t\t\t\t<p>Pruebas teresa.<\/p>\t\t\t\t\t\t\t\t<\/div>\n\t\t\t\t<\/div>\n\t\t\t\t<div class=\"elementor-element elementor-element-3a2c0dc elementor-widget elementor-widget-text-editor\" data-id=\"3a2c0dc\" data-element_type=\"widget\" data-e-type=\"widget\" data-settings=\"{&quot;motion_fx_motion_fx_scrolling&quot;:&quot;yes&quot;,&quot;motion_fx_translateY_effect&quot;:&quot;yes&quot;,&quot;motion_fx_translateY_speed&quot;:{&quot;unit&quot;:&quot;px&quot;,&quot;size&quot;:4,&quot;sizes&quot;:[]},&quot;motion_fx_translateY_affectedRange&quot;:{&quot;unit&quot;:&quot;%&quot;,&quot;size&quot;:&quot;&quot;,&quot;sizes&quot;:{&quot;start&quot;:0,&quot;end&quot;:100}},&quot;motion_fx_devices&quot;:[&quot;desktop&quot;,&quot;tablet&quot;,&quot;mobile&quot;]}\" data-widget_type=\"text-editor.default\">\n\t\t\t\t<div class=\"elementor-widget-container\">\n\t\t\t\t\t\t\t\t\t<p>Modificamos a nuestro gusto.<\/p>\t\t\t\t\t\t\t\t<\/div>\n\t\t\t\t<\/div>\n\t\t\t\t\t<\/div>\n\t\t\t\t<\/div>\n\t\t<div class=\"elementor-element elementor-element-10fa436 e-flex e-con-boxed e-con e-parent\" data-id=\"10fa436\" data-element_type=\"container\" data-e-type=\"container\">\n\t\t\t\t\t<div class=\"e-con-inner\">\n\t\t\t\t<div class=\"elementor-element elementor-element-285da3f elementor-widget elementor-widget-spacer\" data-id=\"285da3f\" data-element_type=\"widget\" data-e-type=\"widget\" data-widget_type=\"spacer.default\">\n\t\t\t\t<div class=\"elementor-widget-container\">\n\t\t\t\t\t\t\t<div class=\"elementor-spacer\">\n\t\t\t<div class=\"elementor-spacer-inner\"><\/div>\n\t\t<\/div>\n\t\t\t\t\t\t<\/div>\n\t\t\t\t<\/div>\n\t\t\t\t<div class=\"elementor-element elementor-element-cfcfd49 elementor-widget elementor-widget-heading\" data-id=\"cfcfd49\" data-element_type=\"widget\" data-e-type=\"widget\" data-widget_type=\"heading.default\">\n\t\t\t\t<div class=\"elementor-widget-container\">\n\t\t\t\t\t<h2 class=\"elementor-heading-title elementor-size-default\">Pruebas.<\/h2>\t\t\t\t<\/div>\n\t\t\t\t<\/div>\n\t\t\t\t<div class=\"elementor-element elementor-element-aab33ca elementor-widget elementor-widget-text-editor\" data-id=\"aab33ca\" data-element_type=\"widget\" data-e-type=\"widget\" data-widget_type=\"text-editor.default\">\n\t\t\t\t<div class=\"elementor-widget-container\">\n\t\t\t\t\t\t\t\t\t<p>En Thames British School, el aprendizaje se hace dentro y fuera del aula.<\/p>\t\t\t\t\t\t\t\t<\/div>\n\t\t\t\t<\/div>\n\t\t\t\t\t<\/div>\n\t\t\t\t<\/div>\n\t\t<div class=\"elementor-element elementor-element-d8b08d3 e-flex e-con-boxed e-con e-parent\" data-id=\"d8b08d3\" data-element_type=\"container\" data-e-type=\"container\">\n\t\t\t\t\t<div class=\"e-con-inner\">\n\t\t<div class=\"elementor-element elementor-element-65d1460 e-con-full e-flex e-con e-child\" data-id=\"65d1460\" data-element_type=\"container\" data-e-type=\"container\">\n\t\t\t\t<div class=\"elementor-element elementor-element-4956d9e elementor-widget elementor-widget-text-editor\" data-id=\"4956d9e\" data-element_type=\"widget\" data-e-type=\"widget\" data-widget_type=\"text-editor.default\">\n\t\t\t\t<div class=\"elementor-widget-container\">\n\t\t\t\t\t\t\t\t\t<p>Todos los alumnos, de 1 a 18 a\u00f1os, se benefician de un programa co-curricular y hol\u00edstico excepcional que les permite desarrollar su talento acompa\u00f1ados por grandes profesionales.\u00a0<\/p>\t\t\t\t\t\t\t\t<\/div>\n\t\t\t\t<\/div>\n\t\t\t\t<div class=\"elementor-element elementor-element-e2cf3f2 elementor-align-left elementor-widget elementor-widget-button\" data-id=\"e2cf3f2\" data-element_type=\"widget\" data-e-type=\"widget\" data-widget_type=\"button.default\">\n\t\t\t\t<div class=\"elementor-widget-container\">\n\t\t\t\t\t\t\t\t\t<div class=\"elementor-button-wrapper\">\n\t\t\t\t\t<a class=\"elementor-button elementor-button-link elementor-size-sm\" href=\"https:\/\/thamesbritishschool.es\/es\/colegio-britanico-madrid\/que-nos-hace-diferentes\/\">\n\t\t\t\t\t\t<span class=\"elementor-button-content-wrapper\">\n\t\t\t\t\t\t<span class=\"elementor-button-icon\">\n\t\t\t\t<i aria-hidden=\"true\" class=\"fas fa-arrow-circle-right\"><\/i>\t\t\t<\/span>\n\t\t\t\t\t\t\t\t\t<span class=\"elementor-button-text\">Comienza el viaje<\/span>\n\t\t\t\t\t<\/span>\n\t\t\t\t\t<\/a>\n\t\t\t\t<\/div>\n\t\t\t\t\t\t\t\t<\/div>\n\t\t\t\t<\/div>\n\t\t\t\t<\/div>\n\t\t<div class=\"elementor-element elementor-element-a48b514 e-con-full e-flex e-con e-child\" data-id=\"a48b514\" data-element_type=\"container\" data-e-type=\"container\">\n\t\t\t\t<div class=\"elementor-element elementor-element-7403a7e elementor-widget elementor-widget-image\" data-id=\"7403a7e\" data-element_type=\"widget\" data-e-type=\"widget\" data-settings=\"{&quot;motion_fx_motion_fx_scrolling&quot;:&quot;yes&quot;,&quot;motion_fx_translateY_effect&quot;:&quot;yes&quot;,&quot;motion_fx_translateY_speed&quot;:{&quot;unit&quot;:&quot;px&quot;,&quot;size&quot;:1.4,&quot;sizes&quot;:[]},&quot;motion_fx_devices&quot;:[&quot;desktop&quot;,&quot;tablet&quot;],&quot;motion_fx_translateY_affectedRange&quot;:{&quot;unit&quot;:&quot;%&quot;,&quot;size&quot;:&quot;&quot;,&quot;sizes&quot;:{&quot;start&quot;:0,&quot;end&quot;:100}}}\" data-widget_type=\"image.default\">\n\t\t\t\t<div class=\"elementor-widget-container\">\n\t\t\t\t\t\t\t\t\t\t\t\t\t\t\t<img fetchpriority=\"high\" decoding=\"async\" width=\"700\" height=\"700\" src=\"https:\/\/thamesbritishschool.es\/wp-content\/uploads\/2026\/03\/early4.jpg\" class=\"attachment-full size-full wp-image-2125\" alt=\"\" srcset=\"https:\/\/thamesbritishschool.es\/wp-content\/uploads\/2026\/03\/early4.jpg 700w, https:\/\/thamesbritishschool.es\/wp-content\/uploads\/2026\/03\/early4-300x300.jpg 300w, https:\/\/thamesbritishschool.es\/wp-content\/uploads\/2026\/03\/early4-150x150.jpg 150w\" sizes=\"(max-width: 700px) 100vw, 700px\" \/>\t\t\t\t\t\t\t\t\t\t\t\t\t\t\t<\/div>\n\t\t\t\t<\/div>\n\t\t\t\t<\/div>\n\t\t\t\t\t<\/div>\n\t\t\t\t<\/div>\n\t\t<div class=\"elementor-element elementor-element-57efcf5 e-flex e-con-boxed e-con e-parent\" data-id=\"57efcf5\" data-element_type=\"container\" data-e-type=\"container\" data-settings=\"{&quot;background_background&quot;:&quot;classic&quot;,&quot;background_motion_fx_motion_fx_scrolling&quot;:&quot;yes&quot;,&quot;background_motion_fx_devices&quot;:[&quot;desktop&quot;,&quot;tablet&quot;,&quot;mobile&quot;]}\">\n\t\t\t\t\t<div class=\"e-con-inner\">\n\t\t\t\t<div class=\"elementor-element elementor-element-2c2856b elementor-widget elementor-widget-spacer\" data-id=\"2c2856b\" data-element_type=\"widget\" data-e-type=\"widget\" data-widget_type=\"spacer.default\">\n\t\t\t\t<div class=\"elementor-widget-container\">\n\t\t\t\t\t\t\t<div class=\"elementor-spacer\">\n\t\t\t<div class=\"elementor-spacer-inner\"><\/div>\n\t\t<\/div>\n\t\t\t\t\t\t<\/div>\n\t\t\t\t<\/div>\n\t\t\t\t<div class=\"elementor-element elementor-element-fd10959 elementor-widget elementor-widget-heading\" data-id=\"fd10959\" data-element_type=\"widget\" data-e-type=\"widget\" data-widget_type=\"heading.default\">\n\t\t\t\t<div class=\"elementor-widget-container\">\n\t\t\t\t\t<h2 class=\"elementor-heading-title elementor-size-default\">Somos parte de una gran familia.<\/h2>\t\t\t\t<\/div>\n\t\t\t\t<\/div>\n\t\t\t\t\t<\/div>\n\t\t\t\t<\/div>\n\t\t<div class=\"elementor-element elementor-element-bee51dc e-flex e-con-boxed e-con e-parent\" data-id=\"bee51dc\" data-element_type=\"container\" data-e-type=\"container\">\n\t\t\t\t\t<div class=\"e-con-inner\">\n\t\t<div class=\"elementor-element elementor-element-06263c9 e-con-full e-flex e-con e-child\" data-id=\"06263c9\" data-element_type=\"container\" data-e-type=\"container\">\n\t\t\t\t<div class=\"elementor-element elementor-element-6601f22 elementor-widget elementor-widget-text-editor\" data-id=\"6601f22\" data-element_type=\"widget\" data-e-type=\"widget\" data-widget_type=\"text-editor.default\">\n\t\t\t\t<div class=\"elementor-widget-container\">\n\t\t\t\t\t\t\t\t\t<p>Nuestro colegio brit\u00e1nico est\u00e1 a la <strong>vanguardia de la innovaci\u00f3n educativa<\/strong>, participando en investigaciones y colaboraciones intersectoriales en beneficio del aprendizaje. La educaci\u00f3n en nuestro colegio promueve\u00a0 mentes inquietas, <strong>pensamiento independiente<\/strong> y un amor por el aprendizaje que les sirve para toda la vida, garantizando resultados sobresalientes tanto a nivel acad\u00e9mico como personal.<\/p>\t\t\t\t\t\t\t\t<\/div>\n\t\t\t\t<\/div>\n\t\t\t\t<div class=\"elementor-element elementor-element-a9ffb9b elementor-widget elementor-widget-button\" data-id=\"a9ffb9b\" data-element_type=\"widget\" data-e-type=\"widget\" data-widget_type=\"button.default\">\n\t\t\t\t<div class=\"elementor-widget-container\">\n\t\t\t\t\t\t\t\t\t<div class=\"elementor-button-wrapper\">\n\t\t\t\t\t<a class=\"elementor-button elementor-button-link elementor-size-sm\" href=\"https:\/\/thamesbritishschool.es\/es\/educacion-britanica-madrid\/instituto-britanico\/\">\n\t\t\t\t\t\t<span class=\"elementor-button-content-wrapper\">\n\t\t\t\t\t\t<span class=\"elementor-button-icon\">\n\t\t\t\t<i aria-hidden=\"true\" class=\"fas fa-arrow-circle-right\"><\/i>\t\t\t<\/span>\n\t\t\t\t\t\t\t\t\t<span class=\"elementor-button-text\">School curriculum<\/span>\n\t\t\t\t\t<\/span>\n\t\t\t\t\t<\/a>\n\t\t\t\t<\/div>\n\t\t\t\t\t\t\t\t<\/div>\n\t\t\t\t<\/div>\n\t\t\t\t<\/div>\n\t\t<div class=\"elementor-element elementor-element-357132e e-con-full e-flex e-con e-child\" data-id=\"357132e\" data-element_type=\"container\" data-e-type=\"container\">\n\t\t\t\t<div class=\"elementor-element elementor-element-b356725 elementor-widget elementor-widget-image\" data-id=\"b356725\" data-element_type=\"widget\" data-e-type=\"widget\" data-settings=\"{&quot;motion_fx_motion_fx_scrolling&quot;:&quot;yes&quot;,&quot;motion_fx_translateY_effect&quot;:&quot;yes&quot;,&quot;motion_fx_translateY_speed&quot;:{&quot;unit&quot;:&quot;px&quot;,&quot;size&quot;:1.8,&quot;sizes&quot;:[]},&quot;motion_fx_devices&quot;:[&quot;desktop&quot;,&quot;tablet&quot;],&quot;motion_fx_translateY_affectedRange&quot;:{&quot;unit&quot;:&quot;%&quot;,&quot;size&quot;:&quot;&quot;,&quot;sizes&quot;:{&quot;start&quot;:0,&quot;end&quot;:100}}}\" data-widget_type=\"image.default\">\n\t\t\t\t<div class=\"elementor-widget-container\">\n\t\t\t\t\t\t\t\t\t\t\t\t\t\t\t<img decoding=\"async\" width=\"900\" height=\"600\" src=\"https:\/\/thamesbritishschool.es\/wp-content\/uploads\/2025\/12\/Entornos.jpg\" class=\"attachment-full size-full wp-image-317\" alt=\"\" srcset=\"https:\/\/thamesbritishschool.es\/wp-content\/uploads\/2025\/12\/Entornos.jpg 900w, https:\/\/thamesbritishschool.es\/wp-content\/uploads\/2025\/12\/Entornos-300x200.jpg 300w, https:\/\/thamesbritishschool.es\/wp-content\/uploads\/2025\/12\/Entornos-768x512.jpg 768w\" sizes=\"(max-width: 900px) 100vw, 900px\" \/>\t\t\t\t\t\t\t\t\t\t\t\t\t\t\t<\/div>\n\t\t\t\t<\/div>\n\t\t\t\t<div class=\"elementor-element elementor-element-f02c0ce elementor-widget elementor-widget-spacer\" data-id=\"f02c0ce\" data-element_type=\"widget\" data-e-type=\"widget\" data-widget_type=\"spacer.default\">\n\t\t\t\t<div class=\"elementor-widget-container\">\n\t\t\t\t\t\t\t<div class=\"elementor-spacer\">\n\t\t\t<div class=\"elementor-spacer-inner\"><\/div>\n\t\t<\/div>\n\t\t\t\t\t\t<\/div>\n\t\t\t\t<\/div>\n\t\t\t\t<\/div>\n\t\t\t\t\t<\/div>\n\t\t\t\t<\/div>\n\t\t\t\t<\/div>\n\t\t","protected":false},"excerpt":{"rendered":"<p>Pruebas teresa. Modificamos a nuestro gusto. Pruebas. En Thames British School, el aprendizaje se hace dentro y fuera del aula. Todos los alumnos, de 1 a 18 a\u00f1os, se benefician de un programa co-curricular y hol\u00edstico excepcional que les permite desarrollar su talento acompa\u00f1ados por grandes profesionales.\u00a0 Comienza el viaje Somos parte de una gran [&hellip;]<\/p>\n","protected":false},"author":1,"featured_media":0,"parent":0,"menu_order":0,"comment_status":"closed","ping_status":"closed","template":"","meta":{"footnotes":""},"class_list":["post-2809","page","type-page","status-publish","hentry"],"yoast_head":"<!-- This site is optimized with the Yoast SEO plugin v27.5 - https:\/\/yoast.com\/product\/yoast-seo-wordpress\/ -->\n<title>Pruebas teresa - Thames British School<\/title>\n<meta name=\"robots\" content=\"index, follow, max-snippet:-1, max-image-preview:large, max-video-preview:-1\" \/>\n<link rel=\"canonical\" href=\"https:\/\/thamesbritishschool.es\/es\/pruebas-teresa\/\" \/>\n<meta property=\"og:locale\" content=\"es_ES\" \/>\n<meta property=\"og:type\" content=\"article\" \/>\n<meta property=\"og:title\" content=\"Pruebas teresa - Thames British School\" \/>\n<meta property=\"og:description\" content=\"Pruebas teresa. Modificamos a nuestro gusto. Pruebas. En Thames British School, el aprendizaje se hace dentro y fuera del aula. Todos los alumnos, de 1 a 18 a\u00f1os, se benefician de un programa co-curricular y hol\u00edstico excepcional que les permite desarrollar su talento acompa\u00f1ados por grandes profesionales.\u00a0 Comienza el viaje Somos parte de una gran [&hellip;]\" \/>\n<meta property=\"og:url\" content=\"https:\/\/thamesbritishschool.es\/es\/pruebas-teresa\/\" \/>\n<meta property=\"og:site_name\" content=\"Thames British School\" \/>\n<meta property=\"article:modified_time\" content=\"2026-04-28T09:30:41+00:00\" \/>\n<meta property=\"og:image\" content=\"https:\/\/thamesbritishschool.es\/wp-content\/uploads\/2026\/03\/early4.jpg\" \/>\n\t<meta property=\"og:image:width\" content=\"700\" \/>\n\t<meta property=\"og:image:height\" content=\"700\" \/>\n\t<meta property=\"og:image:type\" content=\"image\/jpeg\" \/>\n<meta name=\"twitter:card\" content=\"summary_large_image\" \/>\n<meta name=\"twitter:label1\" content=\"Tiempo de lectura\" \/>\n\t<meta name=\"twitter:data1\" content=\"1 minuto\" \/>\n<script type=\"application\/ld+json\" class=\"yoast-schema-graph\">{\"@context\":\"https:\\\/\\\/schema.org\",\"@graph\":[{\"@type\":\"WebPage\",\"@id\":\"https:\\\/\\\/thamesbritishschool.es\\\/es\\\/pruebas-teresa\\\/\",\"url\":\"https:\\\/\\\/thamesbritishschool.es\\\/es\\\/pruebas-teresa\\\/\",\"name\":\"Pruebas teresa - Thames British School\",\"isPartOf\":{\"@id\":\"https:\\\/\\\/thamesbritishschool.es\\\/es\\\/#website\"},\"primaryImageOfPage\":{\"@id\":\"https:\\\/\\\/thamesbritishschool.es\\\/es\\\/pruebas-teresa\\\/#primaryimage\"},\"image\":{\"@id\":\"https:\\\/\\\/thamesbritishschool.es\\\/es\\\/pruebas-teresa\\\/#primaryimage\"},\"thumbnailUrl\":\"https:\\\/\\\/thamesbritishschool.es\\\/wp-content\\\/uploads\\\/2026\\\/03\\\/early4.jpg\",\"datePublished\":\"2026-04-28T09:22:40+00:00\",\"dateModified\":\"2026-04-28T09:30:41+00:00\",\"breadcrumb\":{\"@id\":\"https:\\\/\\\/thamesbritishschool.es\\\/es\\\/pruebas-teresa\\\/#breadcrumb\"},\"inLanguage\":\"es\",\"potentialAction\":[{\"@type\":\"ReadAction\",\"target\":[\"https:\\\/\\\/thamesbritishschool.es\\\/es\\\/pruebas-teresa\\\/\"]}]},{\"@type\":\"ImageObject\",\"inLanguage\":\"es\",\"@id\":\"https:\\\/\\\/thamesbritishschool.es\\\/es\\\/pruebas-teresa\\\/#primaryimage\",\"url\":\"https:\\\/\\\/thamesbritishschool.es\\\/wp-content\\\/uploads\\\/2026\\\/03\\\/early4.jpg\",\"contentUrl\":\"https:\\\/\\\/thamesbritishschool.es\\\/wp-content\\\/uploads\\\/2026\\\/03\\\/early4.jpg\"},{\"@type\":\"BreadcrumbList\",\"@id\":\"https:\\\/\\\/thamesbritishschool.es\\\/es\\\/pruebas-teresa\\\/#breadcrumb\",\"itemListElement\":[{\"@type\":\"ListItem\",\"position\":1,\"name\":\"Home\",\"item\":\"https:\\\/\\\/thamesbritishschool.es\\\/es\\\/\"},{\"@type\":\"ListItem\",\"position\":2,\"name\":\"Pruebas teresa\"}]},{\"@type\":\"WebSite\",\"@id\":\"https:\\\/\\\/thamesbritishschool.es\\\/es\\\/#website\",\"url\":\"https:\\\/\\\/thamesbritishschool.es\\\/es\\\/\",\"name\":\"Thames British School\",\"description\":\"\",\"potentialAction\":[{\"@type\":\"SearchAction\",\"target\":{\"@type\":\"EntryPoint\",\"urlTemplate\":\"https:\\\/\\\/thamesbritishschool.es\\\/es\\\/?s={search_term_string}\"},\"query-input\":{\"@type\":\"PropertyValueSpecification\",\"valueRequired\":true,\"valueName\":\"search_term_string\"}}],\"inLanguage\":\"es\"}]}<\/script>\n<!-- \/ Yoast SEO plugin. -->","yoast_head_json":{"title":"Pruebas teresa - Thames British School","robots":{"index":"index","follow":"follow","max-snippet":"max-snippet:-1","max-image-preview":"max-image-preview:large","max-video-preview":"max-video-preview:-1"},"canonical":"https:\/\/thamesbritishschool.es\/es\/pruebas-teresa\/","og_locale":"es_ES","og_type":"article","og_title":"Pruebas teresa - Thames British School","og_description":"Pruebas teresa. Modificamos a nuestro gusto. Pruebas. En Thames British School, el aprendizaje se hace dentro y fuera del aula. Todos los alumnos, de 1 a 18 a\u00f1os, se benefician de un programa co-curricular y hol\u00edstico excepcional que les permite desarrollar su talento acompa\u00f1ados por grandes profesionales.\u00a0 Comienza el viaje Somos parte de una gran [&hellip;]","og_url":"https:\/\/thamesbritishschool.es\/es\/pruebas-teresa\/","og_site_name":"Thames British School","article_modified_time":"2026-04-28T09:30:41+00:00","og_image":[{"width":700,"height":700,"url":"https:\/\/thamesbritishschool.es\/wp-content\/uploads\/2026\/03\/early4.jpg","type":"image\/jpeg"}],"twitter_card":"summary_large_image","twitter_misc":{"Tiempo de lectura":"1 minuto"},"schema":{"@context":"https:\/\/schema.org","@graph":[{"@type":"WebPage","@id":"https:\/\/thamesbritishschool.es\/es\/pruebas-teresa\/","url":"https:\/\/thamesbritishschool.es\/es\/pruebas-teresa\/","name":"Pruebas teresa - Thames British School","isPartOf":{"@id":"https:\/\/thamesbritishschool.es\/es\/#website"},"primaryImageOfPage":{"@id":"https:\/\/thamesbritishschool.es\/es\/pruebas-teresa\/#primaryimage"},"image":{"@id":"https:\/\/thamesbritishschool.es\/es\/pruebas-teresa\/#primaryimage"},"thumbnailUrl":"https:\/\/thamesbritishschool.es\/wp-content\/uploads\/2026\/03\/early4.jpg","datePublished":"2026-04-28T09:22:40+00:00","dateModified":"2026-04-28T09:30:41+00:00","breadcrumb":{"@id":"https:\/\/thamesbritishschool.es\/es\/pruebas-teresa\/#breadcrumb"},"inLanguage":"es","potentialAction":[{"@type":"ReadAction","target":["https:\/\/thamesbritishschool.es\/es\/pruebas-teresa\/"]}]},{"@type":"ImageObject","inLanguage":"es","@id":"https:\/\/thamesbritishschool.es\/es\/pruebas-teresa\/#primaryimage","url":"https:\/\/thamesbritishschool.es\/wp-content\/uploads\/2026\/03\/early4.jpg","contentUrl":"https:\/\/thamesbritishschool.es\/wp-content\/uploads\/2026\/03\/early4.jpg"},{"@type":"BreadcrumbList","@id":"https:\/\/thamesbritishschool.es\/es\/pruebas-teresa\/#breadcrumb","itemListElement":[{"@type":"ListItem","position":1,"name":"Home","item":"https:\/\/thamesbritishschool.es\/es\/"},{"@type":"ListItem","position":2,"name":"Pruebas teresa"}]},{"@type":"WebSite","@id":"https:\/\/thamesbritishschool.es\/es\/#website","url":"https:\/\/thamesbritishschool.es\/es\/","name":"Thames British School","description":"","potentialAction":[{"@type":"SearchAction","target":{"@type":"EntryPoint","urlTemplate":"https:\/\/thamesbritishschool.es\/es\/?s={search_term_string}"},"query-input":{"@type":"PropertyValueSpecification","valueRequired":true,"valueName":"search_term_string"}}],"inLanguage":"es"}]}},"_links":{"self":[{"href":"https:\/\/thamesbritishschool.es\/es\/wp-json\/wp\/v2\/pages\/2809","targetHints":{"allow":["GET"]}}],"collection":[{"href":"https:\/\/thamesbritishschool.es\/es\/wp-json\/wp\/v2\/pages"}],"about":[{"href":"https:\/\/thamesbritishschool.es\/es\/wp-json\/wp\/v2\/types\/page"}],"author":[{"embeddable":true,"href":"https:\/\/thamesbritishschool.es\/es\/wp-json\/wp\/v2\/users\/1"}],"replies":[{"embeddable":true,"href":"https:\/\/thamesbritishschool.es\/es\/wp-json\/wp\/v2\/comments?post=2809"}],"version-history":[{"count":11,"href":"https:\/\/thamesbritishschool.es\/es\/wp-json\/wp\/v2\/pages\/2809\/revisions"}],"predecessor-version":[{"id":2830,"href":"https:\/\/thamesbritishschool.es\/es\/wp-json\/wp\/v2\/pages\/2809\/revisions\/2830"}],"wp:attachment":[{"href":"https:\/\/thamesbritishschool.es\/es\/wp-json\/wp\/v2\/media?parent=2809"}],"curies":[{"name":"wp","href":"https:\/\/api.w.org\/{rel}","templated":true}]}}