{"id":485,"date":"2025-12-24T11:47:14","date_gmt":"2025-12-24T10:47:14","guid":{"rendered":"https:\/\/thames.bestwebs.dev\/?page_id=485"},"modified":"2026-04-16T09:02:39","modified_gmt":"2026-04-16T07:02:39","slug":"politica-escolar","status":"publish","type":"page","link":"https:\/\/thamesbritishschool.es\/es\/colegio-britanico-madrid\/politica-escolar\/","title":{"rendered":"Politicas del colegio"},"content":{"rendered":"\t\t<div data-elementor-type=\"wp-page\" data-elementor-id=\"485\" class=\"elementor elementor-485\" data-elementor-post-type=\"page\">\n\t\t\t\t<div class=\"elementor-element elementor-element-2a25f67 e-flex e-con-boxed e-con e-parent\" data-id=\"2a25f67\" data-element_type=\"container\" data-e-type=\"container\" data-settings=\"{&quot;background_background&quot;:&quot;classic&quot;,&quot;background_motion_fx_motion_fx_scrolling&quot;:&quot;yes&quot;,&quot;background_motion_fx_devices&quot;:[&quot;desktop&quot;,&quot;tablet&quot;,&quot;mobile&quot;]}\">\n\t\t\t\t\t<div class=\"e-con-inner\">\n\t\t\t\t<div class=\"elementor-element elementor-element-a83e7ec elementor-widget elementor-widget-spacer\" data-id=\"a83e7ec\" data-element_type=\"widget\" data-e-type=\"widget\" data-widget_type=\"spacer.default\">\n\t\t\t\t<div class=\"elementor-widget-container\">\n\t\t\t\t\t\t\t<div class=\"elementor-spacer\">\n\t\t\t<div class=\"elementor-spacer-inner\"><\/div>\n\t\t<\/div>\n\t\t\t\t\t\t<\/div>\n\t\t\t\t<\/div>\n\t\t\t\t<div class=\"elementor-element elementor-element-53b49a2 elementor-widget elementor-widget-text-editor\" data-id=\"53b49a2\" data-element_type=\"widget\" data-e-type=\"widget\" data-settings=\"{&quot;motion_fx_motion_fx_scrolling&quot;:&quot;yes&quot;,&quot;motion_fx_translateY_effect&quot;:&quot;yes&quot;,&quot;motion_fx_translateY_speed&quot;:{&quot;unit&quot;:&quot;px&quot;,&quot;size&quot;:4,&quot;sizes&quot;:[]},&quot;motion_fx_translateY_affectedRange&quot;:{&quot;unit&quot;:&quot;%&quot;,&quot;size&quot;:&quot;&quot;,&quot;sizes&quot;:{&quot;start&quot;:0,&quot;end&quot;:100}},&quot;motion_fx_devices&quot;:[&quot;desktop&quot;,&quot;tablet&quot;,&quot;mobile&quot;]}\" data-widget_type=\"text-editor.default\">\n\t\t\t\t<div class=\"elementor-widget-container\">\n\t\t\t\t\t\t\t\t\t<p>Pol\u00edticas del colegio<\/p>\t\t\t\t\t\t\t\t<\/div>\n\t\t\t\t<\/div>\n\t\t\t\t<div class=\"elementor-element elementor-element-a957df5 elementor-widget elementor-widget-text-editor\" data-id=\"a957df5\" data-element_type=\"widget\" data-e-type=\"widget\" data-settings=\"{&quot;motion_fx_motion_fx_scrolling&quot;:&quot;yes&quot;,&quot;motion_fx_translateY_effect&quot;:&quot;yes&quot;,&quot;motion_fx_translateY_speed&quot;:{&quot;unit&quot;:&quot;px&quot;,&quot;size&quot;:4,&quot;sizes&quot;:[]},&quot;motion_fx_translateY_affectedRange&quot;:{&quot;unit&quot;:&quot;%&quot;,&quot;size&quot;:&quot;&quot;,&quot;sizes&quot;:{&quot;start&quot;:0,&quot;end&quot;:100}},&quot;motion_fx_devices&quot;:[&quot;desktop&quot;,&quot;tablet&quot;,&quot;mobile&quot;]}\" data-widget_type=\"text-editor.default\">\n\t\t\t\t<div class=\"elementor-widget-container\">\n\t\t\t\t\t\t\t\t\t<p>Velando por los alumnos.<\/p>\t\t\t\t\t\t\t\t<\/div>\n\t\t\t\t<\/div>\n\t\t\t\t\t<\/div>\n\t\t\t\t<\/div>\n\t\t<div class=\"elementor-element elementor-element-3a0f309 e-flex e-con-boxed e-con e-parent\" data-id=\"3a0f309\" data-element_type=\"container\" data-e-type=\"container\">\n\t\t\t\t\t<div class=\"e-con-inner\">\n\t\t\t\t<div class=\"elementor-element elementor-element-66f88ef elementor-widget elementor-widget-spacer\" data-id=\"66f88ef\" data-element_type=\"widget\" data-e-type=\"widget\" data-widget_type=\"spacer.default\">\n\t\t\t\t<div class=\"elementor-widget-container\">\n\t\t\t\t\t\t\t<div class=\"elementor-spacer\">\n\t\t\t<div class=\"elementor-spacer-inner\"><\/div>\n\t\t<\/div>\n\t\t\t\t\t\t<\/div>\n\t\t\t\t<\/div>\n\t\t\t\t<div class=\"elementor-element elementor-element-fcad22f elementor-widget elementor-widget-heading\" data-id=\"fcad22f\" data-element_type=\"widget\" data-e-type=\"widget\" data-widget_type=\"heading.default\">\n\t\t\t\t<div class=\"elementor-widget-container\">\n\t\t\t\t\t<h2 class=\"elementor-heading-title elementor-size-default\">Nuestras pol\u00edticas<\/h2>\t\t\t\t<\/div>\n\t\t\t\t<\/div>\n\t\t\t\t\t<\/div>\n\t\t\t\t<\/div>\n\t\t<div class=\"elementor-element elementor-element-6dce27b e-flex e-con-boxed e-con e-parent\" data-id=\"6dce27b\" data-element_type=\"container\" data-e-type=\"container\">\n\t\t\t\t\t<div class=\"e-con-inner\">\n\t\t<div class=\"elementor-element elementor-element-95611f8 e-con-full e-flex e-con e-child\" data-id=\"95611f8\" data-element_type=\"container\" data-e-type=\"container\">\n\t\t\t\t<div class=\"elementor-element elementor-element-3596a6b elementor-widget elementor-widget-text-editor\" data-id=\"3596a6b\" data-element_type=\"widget\" data-e-type=\"widget\" data-widget_type=\"text-editor.default\">\n\t\t\t\t<div class=\"elementor-widget-container\">\n\t\t\t\t\t\t\t\t\t<p>En Thames British School creemos en la <strong>transparencia y la claridad<\/strong>. Nuestras pol\u00edticas del colegio y las de todo el Trust est\u00e1n disponibles para que las familias y el personal puedan consultarlas f\u00e1cilmente.<br \/>Si no encuentras la pol\u00edtica que buscas o tienes alguna pregunta, no dudes en <strong>ponerte en contacto con nosotros.<\/strong><br \/>Algunas pol\u00edticas son comunes a todo el <strong>Trust<\/strong> y pueden encontrarse aqu\u00ed:<\/p>\t\t\t\t\t\t\t\t<\/div>\n\t\t\t\t<\/div>\n\t\t\t\t<div class=\"elementor-element elementor-element-7183269 elementor-icon-list--layout-traditional elementor-list-item-link-full_width elementor-widget elementor-widget-icon-list\" data-id=\"7183269\" data-element_type=\"widget\" data-e-type=\"widget\" data-widget_type=\"icon-list.default\">\n\t\t\t\t<div class=\"elementor-widget-container\">\n\t\t\t\t\t\t\t<ul class=\"elementor-icon-list-items\">\n\t\t\t\t\t\t\t<li class=\"elementor-icon-list-item\">\n\t\t\t\t\t\t\t\t\t\t\t<a href=\"https:\/\/thamesbritishschool.es\/wp-content\/uploads\/2026\/01\/Politica_de_Conducta_TBS_Madrid_ES.docx.pdf\" target=\"_blank\">\n\n\t\t\t\t\t\t\t\t\t\t\t\t<span class=\"elementor-icon-list-icon\">\n\t\t\t\t\t\t\t<i aria-hidden=\"true\" class=\"fas fa-file-pdf\"><\/i>\t\t\t\t\t\t<\/span>\n\t\t\t\t\t\t\t\t\t\t<span class=\"elementor-icon-list-text\">Pol\u00edtica de conducta<\/span>\n\t\t\t\t\t\t\t\t\t\t\t<\/a>\n\t\t\t\t\t\t\t\t\t<\/li>\n\t\t\t\t\t\t\t\t<li class=\"elementor-icon-list-item\">\n\t\t\t\t\t\t\t\t\t\t\t<a href=\"https:\/\/thamesbritishschool.es\/wp-content\/uploads\/2026\/01\/Politica_de_Asistencia_TBS_Madrid_ES.docx.pdf\" target=\"_blank\">\n\n\t\t\t\t\t\t\t\t\t\t\t\t<span class=\"elementor-icon-list-icon\">\n\t\t\t\t\t\t\t<i aria-hidden=\"true\" class=\"fas fa-file-pdf\"><\/i>\t\t\t\t\t\t<\/span>\n\t\t\t\t\t\t\t\t\t\t<span class=\"elementor-icon-list-text\">Pol\u00edtica de asistencia<\/span>\n\t\t\t\t\t\t\t\t\t\t\t<\/a>\n\t\t\t\t\t\t\t\t\t<\/li>\n\t\t\t\t\t\t\t\t<li class=\"elementor-icon-list-item\">\n\t\t\t\t\t\t\t\t\t\t\t<a href=\"https:\/\/thamesbritishschool.es\/wp-content\/uploads\/2026\/01\/Politica_de_Salvaguardia_y_Proteccion_Infantil_TBS_Madrid_ES_v2.docx.pdf\" target=\"_blank\">\n\n\t\t\t\t\t\t\t\t\t\t\t\t<span class=\"elementor-icon-list-icon\">\n\t\t\t\t\t\t\t<i aria-hidden=\"true\" class=\"fas fa-file-pdf\"><\/i>\t\t\t\t\t\t<\/span>\n\t\t\t\t\t\t\t\t\t\t<span class=\"elementor-icon-list-text\">Pol\u00edtica de salvaguarda y protecci\u00f3n del menor<\/span>\n\t\t\t\t\t\t\t\t\t\t\t<\/a>\n\t\t\t\t\t\t\t\t\t<\/li>\n\t\t\t\t\t\t\t\t<li class=\"elementor-icon-list-item\">\n\t\t\t\t\t\t\t\t\t\t\t<a href=\"https:\/\/thamesbritishschool.es\/wp-content\/uploads\/2026\/01\/Politica_Anti_acoso_TBS_ES.docx.pdf\" target=\"_blank\">\n\n\t\t\t\t\t\t\t\t\t\t\t\t<span class=\"elementor-icon-list-icon\">\n\t\t\t\t\t\t\t<i aria-hidden=\"true\" class=\"fas fa-file-pdf\"><\/i>\t\t\t\t\t\t<\/span>\n\t\t\t\t\t\t\t\t\t\t<span class=\"elementor-icon-list-text\">Pol\u00edtica de prevenci\u00f3n y actuaci\u00f3n frente al acoso escolar<\/span>\n\t\t\t\t\t\t\t\t\t\t\t<\/a>\n\t\t\t\t\t\t\t\t\t<\/li>\n\t\t\t\t\t\t\t\t<li class=\"elementor-icon-list-item\">\n\t\t\t\t\t\t\t\t\t\t\t<a href=\"https:\/\/thamesbritishschool.es\/wp-content\/uploads\/2026\/01\/Politica_Salud_y_Seguridad_TBS_2025_2026_ES.docx.pdf\" target=\"_blank\">\n\n\t\t\t\t\t\t\t\t\t\t\t\t<span class=\"elementor-icon-list-icon\">\n\t\t\t\t\t\t\t<i aria-hidden=\"true\" class=\"fas fa-file-pdf\"><\/i>\t\t\t\t\t\t<\/span>\n\t\t\t\t\t\t\t\t\t\t<span class=\"elementor-icon-list-text\">Pol\u00edtica de salud y seguridad<\/span>\n\t\t\t\t\t\t\t\t\t\t\t<\/a>\n\t\t\t\t\t\t\t\t\t<\/li>\n\t\t\t\t\t\t<\/ul>\n\t\t\t\t\t\t<\/div>\n\t\t\t\t<\/div>\n\t\t\t\t<\/div>\n\t\t\t\t\t<\/div>\n\t\t\t\t<\/div>\n\t\t<div class=\"elementor-element elementor-element-a9199f1 e-flex e-con-boxed e-con e-parent\" data-id=\"a9199f1\" data-element_type=\"container\" data-e-type=\"container\" data-settings=\"{&quot;background_background&quot;:&quot;classic&quot;,&quot;background_motion_fx_motion_fx_scrolling&quot;:&quot;yes&quot;,&quot;background_motion_fx_devices&quot;:[&quot;desktop&quot;,&quot;tablet&quot;,&quot;mobile&quot;]}\">\n\t\t\t\t\t<div class=\"e-con-inner\">\n\t\t\t\t<div class=\"elementor-element elementor-element-ef289e3 elementor-widget elementor-widget-spacer\" data-id=\"ef289e3\" data-element_type=\"widget\" data-e-type=\"widget\" data-widget_type=\"spacer.default\">\n\t\t\t\t<div class=\"elementor-widget-container\">\n\t\t\t\t\t\t\t<div class=\"elementor-spacer\">\n\t\t\t<div class=\"elementor-spacer-inner\"><\/div>\n\t\t<\/div>\n\t\t\t\t\t\t<\/div>\n\t\t\t\t<\/div>\n\t\t\t\t\t<\/div>\n\t\t\t\t<\/div>\n\t\t<div class=\"elementor-element elementor-element-dee1af3 e-flex e-con-boxed e-con e-parent\" data-id=\"dee1af3\" data-element_type=\"container\" data-e-type=\"container\">\n\t\t\t\t\t<div class=\"e-con-inner\">\n\t\t\t\t<div class=\"elementor-element elementor-element-9b26cec elementor-widget elementor-widget-spacer\" data-id=\"9b26cec\" data-element_type=\"widget\" data-e-type=\"widget\" data-widget_type=\"spacer.default\">\n\t\t\t\t<div class=\"elementor-widget-container\">\n\t\t\t\t\t\t\t<div class=\"elementor-spacer\">\n\t\t\t<div class=\"elementor-spacer-inner\"><\/div>\n\t\t<\/div>\n\t\t\t\t\t\t<\/div>\n\t\t\t\t<\/div>\n\t\t\t\t\t<\/div>\n\t\t\t\t<\/div>\n\t\t<div class=\"elementor-element elementor-element-345e3be2 e-flex e-con-boxed e-con e-parent\" data-id=\"345e3be2\" data-element_type=\"container\" data-e-type=\"container\" data-settings=\"{&quot;background_background&quot;:&quot;classic&quot;}\">\n\t\t\t\t\t<div class=\"e-con-inner\">\n\t\t<div class=\"elementor-element elementor-element-1ce17502 e-con-full e-flex e-con e-child\" data-id=\"1ce17502\" data-element_type=\"container\" data-e-type=\"container\">\n\t\t\t\t<div class=\"elementor-element elementor-element-44fc0448 elementor-widget elementor-widget-spacer\" data-id=\"44fc0448\" data-element_type=\"widget\" data-e-type=\"widget\" data-widget_type=\"spacer.default\">\n\t\t\t\t<div class=\"elementor-widget-container\">\n\t\t\t\t\t\t\t<div class=\"elementor-spacer\">\n\t\t\t<div class=\"elementor-spacer-inner\"><\/div>\n\t\t<\/div>\n\t\t\t\t\t\t<\/div>\n\t\t\t\t<\/div>\n\t\t\t\t<div class=\"elementor-element elementor-element-16e7613e elementor-widget elementor-widget-heading\" data-id=\"16e7613e\" data-element_type=\"widget\" data-e-type=\"widget\" data-widget_type=\"heading.default\">\n\t\t\t\t<div class=\"elementor-widget-container\">\n\t\t\t\t\t<h2 class=\"elementor-heading-title elementor-size-default\">\u00danete a nuestra familia en cualquier momento del a\u00f1o.<\/h2>\t\t\t\t<\/div>\n\t\t\t\t<\/div>\n\t\t\t\t<div class=\"elementor-element elementor-element-29d95179 elementor-widget elementor-widget-text-editor\" data-id=\"29d95179\" data-element_type=\"widget\" data-e-type=\"widget\" data-widget_type=\"text-editor.default\">\n\t\t\t\t<div class=\"elementor-widget-container\">\n\t\t\t\t\t\t\t\t\t<p>En <b>Thames British School<\/b>, nos enorgullece ser un colegio internacional <b>inclusivo<\/b> que admite alumnos de <b>1 a 18 a\u00f1os<\/b>. Aceptamos solicitudes <b>en cualquier momento del a\u00f1o<\/b> y acompa\u00f1amos a cada familia en <b>todas las etapas<\/b> del proceso de admisi\u00f3n.<\/p>\t\t\t\t\t\t\t\t<\/div>\n\t\t\t\t<\/div>\n\t\t\t\t<div class=\"elementor-element elementor-element-1e07a728 elementor-mobile-align-center elementor-widget elementor-widget-button\" data-id=\"1e07a728\" data-element_type=\"widget\" data-e-type=\"widget\" data-widget_type=\"button.default\">\n\t\t\t\t<div class=\"elementor-widget-container\">\n\t\t\t\t\t\t\t\t\t<div class=\"elementor-button-wrapper\">\n\t\t\t\t\t<a class=\"elementor-button elementor-button-link elementor-size-sm\" href=\"https:\/\/thamesbritishschool.es\/es\/colegio-premium-madrid\/solicitar-plaza\/\">\n\t\t\t\t\t\t<span class=\"elementor-button-content-wrapper\">\n\t\t\t\t\t\t<span class=\"elementor-button-icon\">\n\t\t\t\t<i aria-hidden=\"true\" class=\"fas fa-arrow-circle-right\"><\/i>\t\t\t<\/span>\n\t\t\t\t\t\t\t\t\t<span class=\"elementor-button-text\">Formulario de admisiones<\/span>\n\t\t\t\t\t<\/span>\n\t\t\t\t\t<\/a>\n\t\t\t\t<\/div>\n\t\t\t\t\t\t\t\t<\/div>\n\t\t\t\t<\/div>\n\t\t\t\t<div class=\"elementor-element elementor-element-567e4aa9 elementor-widget elementor-widget-spacer\" data-id=\"567e4aa9\" data-element_type=\"widget\" data-e-type=\"widget\" data-widget_type=\"spacer.default\">\n\t\t\t\t<div class=\"elementor-widget-container\">\n\t\t\t\t\t\t\t<div class=\"elementor-spacer\">\n\t\t\t<div class=\"elementor-spacer-inner\"><\/div>\n\t\t<\/div>\n\t\t\t\t\t\t<\/div>\n\t\t\t\t<\/div>\n\t\t\t\t<\/div>\n\t\t<div class=\"elementor-element elementor-element-660cb956 e-con-full e-flex e-con e-child\" data-id=\"660cb956\" data-element_type=\"container\" data-e-type=\"container\">\n\t\t\t\t<div class=\"elementor-element elementor-element-28ba89bb elementor-widget elementor-widget-image\" data-id=\"28ba89bb\" data-element_type=\"widget\" data-e-type=\"widget\" data-widget_type=\"image.default\">\n\t\t\t\t<div class=\"elementor-widget-container\">\n\t\t\t\t\t\t\t\t\t\t\t\t\t\t\t<img fetchpriority=\"high\" decoding=\"async\" width=\"600\" height=\"900\" src=\"https:\/\/thamesbritishschool.es\/wp-content\/uploads\/2025\/12\/admisiones.jpg\" class=\"attachment-full size-full wp-image-229\" alt=\"\" srcset=\"https:\/\/thamesbritishschool.es\/wp-content\/uploads\/2025\/12\/admisiones.jpg 600w, https:\/\/thamesbritishschool.es\/wp-content\/uploads\/2025\/12\/admisiones-200x300.jpg 200w\" sizes=\"(max-width: 600px) 100vw, 600px\" \/>\t\t\t\t\t\t\t\t\t\t\t\t\t\t\t<\/div>\n\t\t\t\t<\/div>\n\t\t\t\t<\/div>\n\t\t\t\t\t<\/div>\n\t\t\t\t<\/div>\n\t\t\t\t<\/div>\n\t\t","protected":false},"excerpt":{"rendered":"<p>Pol\u00edticas del colegio Velando por los alumnos. Nuestras pol\u00edticas En Thames British School creemos en la transparencia y la claridad. Nuestras pol\u00edticas del colegio y las de todo el Trust est\u00e1n disponibles para que las familias y el personal puedan consultarlas f\u00e1cilmente.Si no encuentras la pol\u00edtica que buscas o tienes alguna pregunta, no dudes en [&hellip;]<\/p>\n","protected":false},"author":1,"featured_media":0,"parent":1472,"menu_order":10,"comment_status":"closed","ping_status":"closed","template":"","meta":{"footnotes":""},"class_list":["post-485","page","type-page","status-publish","hentry"],"yoast_head":"<!-- This site is optimized with the Yoast SEO plugin v27.3 - https:\/\/yoast.com\/product\/yoast-seo-wordpress\/ -->\n<title>Politicas del colegio - Thames British School<\/title>\n<meta name=\"robots\" content=\"index, follow, max-snippet:-1, max-image-preview:large, max-video-preview:-1\" \/>\n<link rel=\"canonical\" href=\"https:\/\/thamesbritishschool.es\/es\/colegio-britanico-madrid\/politica-escolar\/\" \/>\n<meta property=\"og:locale\" content=\"es_ES\" \/>\n<meta property=\"og:type\" content=\"article\" \/>\n<meta property=\"og:title\" content=\"Politicas del colegio - Thames British School\" \/>\n<meta property=\"og:description\" content=\"Pol\u00edticas del colegio Velando por los alumnos. Nuestras pol\u00edticas En Thames British School creemos en la transparencia y la claridad. Nuestras pol\u00edticas del colegio y las de todo el Trust est\u00e1n disponibles para que las familias y el personal puedan consultarlas f\u00e1cilmente.Si no encuentras la pol\u00edtica que buscas o tienes alguna pregunta, no dudes en [&hellip;]\" \/>\n<meta property=\"og:url\" content=\"https:\/\/thamesbritishschool.es\/es\/colegio-britanico-madrid\/politica-escolar\/\" \/>\n<meta property=\"og:site_name\" content=\"Thames British School\" \/>\n<meta property=\"article:modified_time\" content=\"2026-04-16T07:02:39+00:00\" \/>\n<meta property=\"og:image\" content=\"https:\/\/thamesbritishschool.es\/wp-content\/uploads\/2025\/12\/admisiones.jpg\" \/>\n\t<meta property=\"og:image:width\" content=\"600\" \/>\n\t<meta property=\"og:image:height\" content=\"900\" \/>\n\t<meta property=\"og:image:type\" content=\"image\/jpeg\" \/>\n<meta name=\"twitter:card\" content=\"summary_large_image\" \/>\n<meta name=\"twitter:label1\" content=\"Tiempo de lectura\" \/>\n\t<meta name=\"twitter:data1\" content=\"1 minuto\" \/>\n<script type=\"application\/ld+json\" class=\"yoast-schema-graph\">{\"@context\":\"https:\\\/\\\/schema.org\",\"@graph\":[{\"@type\":\"WebPage\",\"@id\":\"https:\\\/\\\/thamesbritishschool.es\\\/es\\\/colegio-britanico-madrid\\\/politica-escolar\\\/\",\"url\":\"https:\\\/\\\/thamesbritishschool.es\\\/es\\\/colegio-britanico-madrid\\\/politica-escolar\\\/\",\"name\":\"Politicas del colegio - Thames British School\",\"isPartOf\":{\"@id\":\"https:\\\/\\\/thamesbritishschool.es\\\/es\\\/#website\"},\"primaryImageOfPage\":{\"@id\":\"https:\\\/\\\/thamesbritishschool.es\\\/es\\\/colegio-britanico-madrid\\\/politica-escolar\\\/#primaryimage\"},\"image\":{\"@id\":\"https:\\\/\\\/thamesbritishschool.es\\\/es\\\/colegio-britanico-madrid\\\/politica-escolar\\\/#primaryimage\"},\"thumbnailUrl\":\"https:\\\/\\\/thamesbritishschool.es\\\/wp-content\\\/uploads\\\/2025\\\/12\\\/admisiones.jpg\",\"datePublished\":\"2025-12-24T10:47:14+00:00\",\"dateModified\":\"2026-04-16T07:02:39+00:00\",\"breadcrumb\":{\"@id\":\"https:\\\/\\\/thamesbritishschool.es\\\/es\\\/colegio-britanico-madrid\\\/politica-escolar\\\/#breadcrumb\"},\"inLanguage\":\"es\",\"potentialAction\":[{\"@type\":\"ReadAction\",\"target\":[\"https:\\\/\\\/thamesbritishschool.es\\\/es\\\/colegio-britanico-madrid\\\/politica-escolar\\\/\"]}]},{\"@type\":\"ImageObject\",\"inLanguage\":\"es\",\"@id\":\"https:\\\/\\\/thamesbritishschool.es\\\/es\\\/colegio-britanico-madrid\\\/politica-escolar\\\/#primaryimage\",\"url\":\"https:\\\/\\\/thamesbritishschool.es\\\/wp-content\\\/uploads\\\/2025\\\/12\\\/admisiones.jpg\",\"contentUrl\":\"https:\\\/\\\/thamesbritishschool.es\\\/wp-content\\\/uploads\\\/2025\\\/12\\\/admisiones.jpg\"},{\"@type\":\"BreadcrumbList\",\"@id\":\"https:\\\/\\\/thamesbritishschool.es\\\/es\\\/colegio-britanico-madrid\\\/politica-escolar\\\/#breadcrumb\",\"itemListElement\":[{\"@type\":\"ListItem\",\"position\":1,\"name\":\"Home\",\"item\":\"https:\\\/\\\/thamesbritishschool.es\\\/es\\\/\"},{\"@type\":\"ListItem\",\"position\":2,\"name\":\"Sobre Nosotros\",\"item\":\"https:\\\/\\\/thamesbritishschool.es\\\/es\\\/colegio-britanico-madrid\\\/\"},{\"@type\":\"ListItem\",\"position\":3,\"name\":\"Politicas del colegio\"}]},{\"@type\":\"WebSite\",\"@id\":\"https:\\\/\\\/thamesbritishschool.es\\\/es\\\/#website\",\"url\":\"https:\\\/\\\/thamesbritishschool.es\\\/es\\\/\",\"name\":\"Thames British School\",\"description\":\"\",\"potentialAction\":[{\"@type\":\"SearchAction\",\"target\":{\"@type\":\"EntryPoint\",\"urlTemplate\":\"https:\\\/\\\/thamesbritishschool.es\\\/es\\\/?s={search_term_string}\"},\"query-input\":{\"@type\":\"PropertyValueSpecification\",\"valueRequired\":true,\"valueName\":\"search_term_string\"}}],\"inLanguage\":\"es\"}]}<\/script>\n<!-- \/ Yoast SEO plugin. -->","yoast_head_json":{"title":"Politicas del colegio - Thames British School","robots":{"index":"index","follow":"follow","max-snippet":"max-snippet:-1","max-image-preview":"max-image-preview:large","max-video-preview":"max-video-preview:-1"},"canonical":"https:\/\/thamesbritishschool.es\/es\/colegio-britanico-madrid\/politica-escolar\/","og_locale":"es_ES","og_type":"article","og_title":"Politicas del colegio - Thames British School","og_description":"Pol\u00edticas del colegio Velando por los alumnos. Nuestras pol\u00edticas En Thames British School creemos en la transparencia y la claridad. Nuestras pol\u00edticas del colegio y las de todo el Trust est\u00e1n disponibles para que las familias y el personal puedan consultarlas f\u00e1cilmente.Si no encuentras la pol\u00edtica que buscas o tienes alguna pregunta, no dudes en [&hellip;]","og_url":"https:\/\/thamesbritishschool.es\/es\/colegio-britanico-madrid\/politica-escolar\/","og_site_name":"Thames British School","article_modified_time":"2026-04-16T07:02:39+00:00","og_image":[{"width":600,"height":900,"url":"https:\/\/thamesbritishschool.es\/wp-content\/uploads\/2025\/12\/admisiones.jpg","type":"image\/jpeg"}],"twitter_card":"summary_large_image","twitter_misc":{"Tiempo de lectura":"1 minuto"},"schema":{"@context":"https:\/\/schema.org","@graph":[{"@type":"WebPage","@id":"https:\/\/thamesbritishschool.es\/es\/colegio-britanico-madrid\/politica-escolar\/","url":"https:\/\/thamesbritishschool.es\/es\/colegio-britanico-madrid\/politica-escolar\/","name":"Politicas del colegio - Thames British School","isPartOf":{"@id":"https:\/\/thamesbritishschool.es\/es\/#website"},"primaryImageOfPage":{"@id":"https:\/\/thamesbritishschool.es\/es\/colegio-britanico-madrid\/politica-escolar\/#primaryimage"},"image":{"@id":"https:\/\/thamesbritishschool.es\/es\/colegio-britanico-madrid\/politica-escolar\/#primaryimage"},"thumbnailUrl":"https:\/\/thamesbritishschool.es\/wp-content\/uploads\/2025\/12\/admisiones.jpg","datePublished":"2025-12-24T10:47:14+00:00","dateModified":"2026-04-16T07:02:39+00:00","breadcrumb":{"@id":"https:\/\/thamesbritishschool.es\/es\/colegio-britanico-madrid\/politica-escolar\/#breadcrumb"},"inLanguage":"es","potentialAction":[{"@type":"ReadAction","target":["https:\/\/thamesbritishschool.es\/es\/colegio-britanico-madrid\/politica-escolar\/"]}]},{"@type":"ImageObject","inLanguage":"es","@id":"https:\/\/thamesbritishschool.es\/es\/colegio-britanico-madrid\/politica-escolar\/#primaryimage","url":"https:\/\/thamesbritishschool.es\/wp-content\/uploads\/2025\/12\/admisiones.jpg","contentUrl":"https:\/\/thamesbritishschool.es\/wp-content\/uploads\/2025\/12\/admisiones.jpg"},{"@type":"BreadcrumbList","@id":"https:\/\/thamesbritishschool.es\/es\/colegio-britanico-madrid\/politica-escolar\/#breadcrumb","itemListElement":[{"@type":"ListItem","position":1,"name":"Home","item":"https:\/\/thamesbritishschool.es\/es\/"},{"@type":"ListItem","position":2,"name":"Sobre Nosotros","item":"https:\/\/thamesbritishschool.es\/es\/colegio-britanico-madrid\/"},{"@type":"ListItem","position":3,"name":"Politicas del colegio"}]},{"@type":"WebSite","@id":"https:\/\/thamesbritishschool.es\/es\/#website","url":"https:\/\/thamesbritishschool.es\/es\/","name":"Thames British School","description":"","potentialAction":[{"@type":"SearchAction","target":{"@type":"EntryPoint","urlTemplate":"https:\/\/thamesbritishschool.es\/es\/?s={search_term_string}"},"query-input":{"@type":"PropertyValueSpecification","valueRequired":true,"valueName":"search_term_string"}}],"inLanguage":"es"}]}},"_links":{"self":[{"href":"https:\/\/thamesbritishschool.es\/es\/wp-json\/wp\/v2\/pages\/485","targetHints":{"allow":["GET"]}}],"collection":[{"href":"https:\/\/thamesbritishschool.es\/es\/wp-json\/wp\/v2\/pages"}],"about":[{"href":"https:\/\/thamesbritishschool.es\/es\/wp-json\/wp\/v2\/types\/page"}],"author":[{"embeddable":true,"href":"https:\/\/thamesbritishschool.es\/es\/wp-json\/wp\/v2\/users\/1"}],"replies":[{"embeddable":true,"href":"https:\/\/thamesbritishschool.es\/es\/wp-json\/wp\/v2\/comments?post=485"}],"version-history":[{"count":38,"href":"https:\/\/thamesbritishschool.es\/es\/wp-json\/wp\/v2\/pages\/485\/revisions"}],"predecessor-version":[{"id":2624,"href":"https:\/\/thamesbritishschool.es\/es\/wp-json\/wp\/v2\/pages\/485\/revisions\/2624"}],"up":[{"embeddable":true,"href":"https:\/\/thamesbritishschool.es\/es\/wp-json\/wp\/v2\/pages\/1472"}],"wp:attachment":[{"href":"https:\/\/thamesbritishschool.es\/es\/wp-json\/wp\/v2\/media?parent=485"}],"curies":[{"name":"wp","href":"https:\/\/api.w.org\/{rel}","templated":true}]}}