{"id":839,"date":"2026-01-11T09:05:25","date_gmt":"2026-01-11T08:05:25","guid":{"rendered":"https:\/\/thames.bestwebs.dev\/?page_id=839"},"modified":"2026-02-17T18:43:23","modified_gmt":"2026-02-17T17:43:23","slug":"ruta-escolar","status":"publish","type":"page","link":"https:\/\/thamesbritishschool.es\/es\/colegio-internacional-madrid\/ruta-escolar\/","title":{"rendered":"Transporte"},"content":{"rendered":"\t\t<div data-elementor-type=\"wp-page\" data-elementor-id=\"839\" class=\"elementor elementor-839\" data-elementor-post-type=\"page\">\n\t\t\t\t<div class=\"elementor-element elementor-element-2a25f67 e-flex e-con-boxed e-con e-parent\" data-id=\"2a25f67\" data-element_type=\"container\" data-e-type=\"container\" data-settings=\"{&quot;background_background&quot;:&quot;video&quot;,&quot;background_video_link&quot;:&quot;https:\\\/\\\/www.youtube.com\\\/watch?v=CI3MauQZ3q4&quot;,&quot;background_motion_fx_devices&quot;:[&quot;desktop&quot;,&quot;tablet&quot;,&quot;mobile&quot;]}\">\n\t\t\t\t\t<div class=\"e-con-inner\">\n\t\t<div class=\"elementor-background-video-container elementor-hidden-mobile\">\n\t\t\t\t\t\t\t<div class=\"elementor-background-video-embed\" role=\"presentation\"><\/div>\n\t\t\t\t\t\t<\/div>\t\t<div class=\"elementor-element elementor-element-a83e7ec elementor-widget elementor-widget-spacer\" data-id=\"a83e7ec\" data-element_type=\"widget\" data-e-type=\"widget\" data-widget_type=\"spacer.default\">\n\t\t\t\t<div class=\"elementor-widget-container\">\n\t\t\t\t\t\t\t<div class=\"elementor-spacer\">\n\t\t\t<div class=\"elementor-spacer-inner\"><\/div>\n\t\t<\/div>\n\t\t\t\t\t\t<\/div>\n\t\t\t\t<\/div>\n\t\t\t\t<div class=\"elementor-element elementor-element-4869e16 elementor-widget elementor-widget-text-editor\" data-id=\"4869e16\" data-element_type=\"widget\" data-e-type=\"widget\" data-settings=\"{&quot;motion_fx_motion_fx_scrolling&quot;:&quot;yes&quot;,&quot;motion_fx_translateY_effect&quot;:&quot;yes&quot;,&quot;motion_fx_translateY_speed&quot;:{&quot;unit&quot;:&quot;px&quot;,&quot;size&quot;:4,&quot;sizes&quot;:[]},&quot;motion_fx_translateY_affectedRange&quot;:{&quot;unit&quot;:&quot;%&quot;,&quot;size&quot;:&quot;&quot;,&quot;sizes&quot;:{&quot;start&quot;:0,&quot;end&quot;:100}},&quot;motion_fx_devices&quot;:[&quot;desktop&quot;,&quot;tablet&quot;,&quot;mobile&quot;]}\" data-widget_type=\"text-editor.default\">\n\t\t\t\t<div class=\"elementor-widget-container\">\n\t\t\t\t\t\t\t\t\t<p>Transporte.<\/p>\t\t\t\t\t\t\t\t<\/div>\n\t\t\t\t<\/div>\n\t\t\t\t<div class=\"elementor-element elementor-element-3b1a9e6 elementor-widget elementor-widget-text-editor\" data-id=\"3b1a9e6\" data-element_type=\"widget\" data-e-type=\"widget\" data-settings=\"{&quot;motion_fx_motion_fx_scrolling&quot;:&quot;yes&quot;,&quot;motion_fx_translateY_effect&quot;:&quot;yes&quot;,&quot;motion_fx_translateY_speed&quot;:{&quot;unit&quot;:&quot;px&quot;,&quot;size&quot;:4,&quot;sizes&quot;:[]},&quot;motion_fx_translateY_affectedRange&quot;:{&quot;unit&quot;:&quot;%&quot;,&quot;size&quot;:&quot;&quot;,&quot;sizes&quot;:{&quot;start&quot;:0,&quot;end&quot;:100}},&quot;motion_fx_devices&quot;:[&quot;desktop&quot;,&quot;tablet&quot;,&quot;mobile&quot;]}\" data-widget_type=\"text-editor.default\">\n\t\t\t\t<div class=\"elementor-widget-container\">\n\t\t\t\t\t\t\t\t\t<p><span class=\"tORug\"><span class=\"\">Desde cualquier punto de Madrid<\/span><\/span>.<\/p>\t\t\t\t\t\t\t\t<\/div>\n\t\t\t\t<\/div>\n\t\t\t\t\t<\/div>\n\t\t\t\t<\/div>\n\t\t<div class=\"elementor-element elementor-element-c75dc3c e-flex e-con-boxed e-con e-parent\" data-id=\"c75dc3c\" data-element_type=\"container\" data-e-type=\"container\">\n\t\t\t\t\t<div class=\"e-con-inner\">\n\t\t\t\t<div class=\"elementor-element elementor-element-dff18f9 elementor-widget elementor-widget-spacer\" data-id=\"dff18f9\" data-element_type=\"widget\" data-e-type=\"widget\" data-widget_type=\"spacer.default\">\n\t\t\t\t<div class=\"elementor-widget-container\">\n\t\t\t\t\t\t\t<div class=\"elementor-spacer\">\n\t\t\t<div class=\"elementor-spacer-inner\"><\/div>\n\t\t<\/div>\n\t\t\t\t\t\t<\/div>\n\t\t\t\t<\/div>\n\t\t\t\t<div class=\"elementor-element elementor-element-1ef8732 elementor-widget elementor-widget-heading\" data-id=\"1ef8732\" data-element_type=\"widget\" data-e-type=\"widget\" data-widget_type=\"heading.default\">\n\t\t\t\t<div class=\"elementor-widget-container\">\n\t\t\t\t\t<h2 class=\"elementor-heading-title elementor-size-default\">Nuestro servicio<br>de autobuses.<\/h2>\t\t\t\t<\/div>\n\t\t\t\t<\/div>\n\t\t\t\t<div class=\"elementor-element elementor-element-98352a6 elementor-widget elementor-widget-spacer\" data-id=\"98352a6\" data-element_type=\"widget\" data-e-type=\"widget\" data-widget_type=\"spacer.default\">\n\t\t\t\t<div class=\"elementor-widget-container\">\n\t\t\t\t\t\t\t<div class=\"elementor-spacer\">\n\t\t\t<div class=\"elementor-spacer-inner\"><\/div>\n\t\t<\/div>\n\t\t\t\t\t\t<\/div>\n\t\t\t\t<\/div>\n\t\t\t\t\t<\/div>\n\t\t\t\t<\/div>\n\t\t<div class=\"elementor-element elementor-element-b8af19a e-flex e-con-boxed e-con e-parent\" data-id=\"b8af19a\" data-element_type=\"container\" data-e-type=\"container\">\n\t\t\t\t\t<div class=\"e-con-inner\">\n\t\t<div class=\"elementor-element elementor-element-31a86db e-con-full e-flex e-con e-child\" data-id=\"31a86db\" data-element_type=\"container\" data-e-type=\"container\">\n\t\t\t\t<div class=\"elementor-element elementor-element-988b85c elementor-widget elementor-widget-text-editor\" data-id=\"988b85c\" data-element_type=\"widget\" data-e-type=\"widget\" data-widget_type=\"text-editor.default\">\n\t\t\t\t<div class=\"elementor-widget-container\">\n\t\t\t\t\t\t\t\t\t<p><b>Thames British School<\/b> est\u00e1 situado en <b>Majadahonda (Madrid)<\/b>.<\/p><p>Ofrecemos <b>servicio de autob\u00fas escolar<\/b> para alumnos de <b>Early Years<\/b> en adelante, con <b>recogida por la ma\u00f1ana<\/b> y <b>salida por la tarde<\/b>. El servicio cubre <b>m\u00faltiples rutas por Madrid<\/b>, garantizando un desplazamiento <b>seguro y c\u00f3modo<\/b> de ida y vuelta al colegio.<\/p><p>Para m\u00e1s informaci\u00f3n sobre <b>rutas y disponibilidad<\/b>, ponte en contacto con nuestro <a href=\"mailto:admissions@thamesbritishschool.es\"><b>equipo de Admisiones<\/b>.<\/a><\/p>\t\t\t\t\t\t\t\t<\/div>\n\t\t\t\t<\/div>\n\t\t\t\t<\/div>\n\t\t<div class=\"elementor-element elementor-element-0475e77 e-con-full e-flex e-con e-child\" data-id=\"0475e77\" data-element_type=\"container\" data-e-type=\"container\">\n\t\t\t\t<div class=\"elementor-element elementor-element-a641f6c elementor-widget elementor-widget-image\" data-id=\"a641f6c\" data-element_type=\"widget\" data-e-type=\"widget\" data-settings=\"{&quot;motion_fx_motion_fx_scrolling&quot;:&quot;yes&quot;,&quot;motion_fx_translateY_speed&quot;:{&quot;unit&quot;:&quot;px&quot;,&quot;size&quot;:1.3,&quot;sizes&quot;:[]},&quot;motion_fx_devices&quot;:[&quot;desktop&quot;],&quot;motion_fx_translateY_effect&quot;:&quot;yes&quot;,&quot;motion_fx_translateY_affectedRange&quot;:{&quot;unit&quot;:&quot;%&quot;,&quot;size&quot;:&quot;&quot;,&quot;sizes&quot;:{&quot;start&quot;:0,&quot;end&quot;:100}}}\" data-widget_type=\"image.default\">\n\t\t\t\t<div class=\"elementor-widget-container\">\n\t\t\t\t\t\t\t\t\t\t\t\t\t\t\t<img fetchpriority=\"high\" decoding=\"async\" width=\"900\" height=\"451\" src=\"https:\/\/thamesbritishschool.es\/wp-content\/uploads\/2026\/01\/Autobus-pareja.jpg\" class=\"attachment-full size-full wp-image-858\" alt=\"\" srcset=\"https:\/\/thamesbritishschool.es\/wp-content\/uploads\/2026\/01\/Autobus-pareja.jpg 900w, https:\/\/thamesbritishschool.es\/wp-content\/uploads\/2026\/01\/Autobus-pareja-300x150.jpg 300w, https:\/\/thamesbritishschool.es\/wp-content\/uploads\/2026\/01\/Autobus-pareja-768x385.jpg 768w\" sizes=\"(max-width: 900px) 100vw, 900px\" \/>\t\t\t\t\t\t\t\t\t\t\t\t\t\t\t<\/div>\n\t\t\t\t<\/div>\n\t\t\t\t<\/div>\n\t\t\t\t\t<\/div>\n\t\t\t\t<\/div>\n\t\t<div class=\"elementor-element elementor-element-a9199f1 e-flex e-con-boxed e-con e-parent\" data-id=\"a9199f1\" data-element_type=\"container\" data-e-type=\"container\" data-settings=\"{&quot;background_background&quot;:&quot;classic&quot;,&quot;background_motion_fx_motion_fx_scrolling&quot;:&quot;yes&quot;,&quot;background_motion_fx_devices&quot;:[&quot;desktop&quot;,&quot;tablet&quot;,&quot;mobile&quot;]}\">\n\t\t\t\t\t<div class=\"e-con-inner\">\n\t\t\t\t<div class=\"elementor-element elementor-element-ef289e3 elementor-widget elementor-widget-spacer\" data-id=\"ef289e3\" data-element_type=\"widget\" data-e-type=\"widget\" data-widget_type=\"spacer.default\">\n\t\t\t\t<div class=\"elementor-widget-container\">\n\t\t\t\t\t\t\t<div class=\"elementor-spacer\">\n\t\t\t<div class=\"elementor-spacer-inner\"><\/div>\n\t\t<\/div>\n\t\t\t\t\t\t<\/div>\n\t\t\t\t<\/div>\n\t\t\t\t\t<\/div>\n\t\t\t\t<\/div>\n\t\t<div class=\"elementor-element elementor-element-dee1af3 e-flex e-con-boxed e-con e-parent\" data-id=\"dee1af3\" data-element_type=\"container\" data-e-type=\"container\">\n\t\t\t\t\t<div class=\"e-con-inner\">\n\t\t\t\t<div class=\"elementor-element elementor-element-a4f9d37 elementor-widget elementor-widget-google_maps\" data-id=\"a4f9d37\" data-element_type=\"widget\" data-e-type=\"widget\" data-widget_type=\"google_maps.default\">\n\t\t\t\t<div class=\"elementor-widget-container\">\n\t\t\t\t\t\t\t<div class=\"elementor-custom-embed\">\n\t\t\t<iframe loading=\"lazy\"\n\t\t\t\t\tsrc=\"https:\/\/maps.google.com\/maps?q=colegio%20thames%20bristish%20school%20Calle%20Barbero%20de%20Sevilla%2C%2016%2028222%20Majadahonda%2FMadrid&#038;t=m&#038;z=13&#038;output=embed&#038;iwloc=near\"\n\t\t\t\t\ttitle=\"colegio thames bristish school Calle Barbero de Sevilla, 16 28222 Majadahonda\/Madrid\"\n\t\t\t\t\taria-label=\"colegio thames bristish school Calle Barbero de Sevilla, 16 28222 Majadahonda\/Madrid\"\n\t\t\t><\/iframe>\n\t\t<\/div>\n\t\t\t\t\t\t<\/div>\n\t\t\t\t<\/div>\n\t\t\t\t<div class=\"elementor-element elementor-element-9b26cec elementor-widget elementor-widget-spacer\" data-id=\"9b26cec\" data-element_type=\"widget\" data-e-type=\"widget\" data-widget_type=\"spacer.default\">\n\t\t\t\t<div class=\"elementor-widget-container\">\n\t\t\t\t\t\t\t<div class=\"elementor-spacer\">\n\t\t\t<div class=\"elementor-spacer-inner\"><\/div>\n\t\t<\/div>\n\t\t\t\t\t\t<\/div>\n\t\t\t\t<\/div>\n\t\t\t\t\t<\/div>\n\t\t\t\t<\/div>\n\t\t<div class=\"elementor-element elementor-element-35bf1709 e-flex e-con-boxed e-con e-parent\" data-id=\"35bf1709\" data-element_type=\"container\" data-e-type=\"container\" data-settings=\"{&quot;background_background&quot;:&quot;classic&quot;}\">\n\t\t\t\t\t<div class=\"e-con-inner\">\n\t\t<div class=\"elementor-element elementor-element-28e0f94f e-con-full e-flex e-con e-child\" data-id=\"28e0f94f\" data-element_type=\"container\" data-e-type=\"container\">\n\t\t\t\t<div class=\"elementor-element elementor-element-4438a3e0 elementor-widget elementor-widget-spacer\" data-id=\"4438a3e0\" data-element_type=\"widget\" data-e-type=\"widget\" data-widget_type=\"spacer.default\">\n\t\t\t\t<div class=\"elementor-widget-container\">\n\t\t\t\t\t\t\t<div class=\"elementor-spacer\">\n\t\t\t<div class=\"elementor-spacer-inner\"><\/div>\n\t\t<\/div>\n\t\t\t\t\t\t<\/div>\n\t\t\t\t<\/div>\n\t\t\t\t<div class=\"elementor-element elementor-element-56feb76f elementor-widget elementor-widget-heading\" data-id=\"56feb76f\" data-element_type=\"widget\" data-e-type=\"widget\" data-widget_type=\"heading.default\">\n\t\t\t\t<div class=\"elementor-widget-container\">\n\t\t\t\t\t<h2 class=\"elementor-heading-title elementor-size-default\">\u00danete a nuestra familia en cualquier momento del a\u00f1o.<\/h2>\t\t\t\t<\/div>\n\t\t\t\t<\/div>\n\t\t\t\t<div class=\"elementor-element elementor-element-6a855187 elementor-widget elementor-widget-text-editor\" data-id=\"6a855187\" data-element_type=\"widget\" data-e-type=\"widget\" data-widget_type=\"text-editor.default\">\n\t\t\t\t<div class=\"elementor-widget-container\">\n\t\t\t\t\t\t\t\t\t<p>En <b>Thames British School<\/b>, nos enorgullece ser un colegio internacional <b>inclusivo<\/b> que admite alumnos de <b>1 a 18 a\u00f1os<\/b>. Aceptamos solicitudes <b>en cualquier momento del a\u00f1o<\/b> y acompa\u00f1amos a cada familia en <b>todas las etapas<\/b> del proceso de admisi\u00f3n.<\/p>\t\t\t\t\t\t\t\t<\/div>\n\t\t\t\t<\/div>\n\t\t\t\t<div class=\"elementor-element elementor-element-632b8ce elementor-mobile-align-center elementor-widget elementor-widget-button\" data-id=\"632b8ce\" data-element_type=\"widget\" data-e-type=\"widget\" data-widget_type=\"button.default\">\n\t\t\t\t<div class=\"elementor-widget-container\">\n\t\t\t\t\t\t\t\t\t<div class=\"elementor-button-wrapper\">\n\t\t\t\t\t<a class=\"elementor-button elementor-button-link elementor-size-sm\" href=\"#\">\n\t\t\t\t\t\t<span class=\"elementor-button-content-wrapper\">\n\t\t\t\t\t\t<span class=\"elementor-button-icon\">\n\t\t\t\t<i aria-hidden=\"true\" class=\"fas fa-arrow-circle-right\"><\/i>\t\t\t<\/span>\n\t\t\t\t\t\t\t\t\t<span class=\"elementor-button-text\">Formulario de admisiones<\/span>\n\t\t\t\t\t<\/span>\n\t\t\t\t\t<\/a>\n\t\t\t\t<\/div>\n\t\t\t\t\t\t\t\t<\/div>\n\t\t\t\t<\/div>\n\t\t\t\t<div class=\"elementor-element elementor-element-3dad2000 elementor-widget elementor-widget-spacer\" data-id=\"3dad2000\" data-element_type=\"widget\" data-e-type=\"widget\" data-widget_type=\"spacer.default\">\n\t\t\t\t<div class=\"elementor-widget-container\">\n\t\t\t\t\t\t\t<div class=\"elementor-spacer\">\n\t\t\t<div class=\"elementor-spacer-inner\"><\/div>\n\t\t<\/div>\n\t\t\t\t\t\t<\/div>\n\t\t\t\t<\/div>\n\t\t\t\t<\/div>\n\t\t<div class=\"elementor-element elementor-element-226888d9 e-con-full e-flex e-con e-child\" data-id=\"226888d9\" data-element_type=\"container\" data-e-type=\"container\">\n\t\t\t\t<div class=\"elementor-element elementor-element-8ef9ea3 elementor-widget elementor-widget-image\" data-id=\"8ef9ea3\" data-element_type=\"widget\" data-e-type=\"widget\" data-widget_type=\"image.default\">\n\t\t\t\t<div class=\"elementor-widget-container\">\n\t\t\t\t\t\t\t\t\t\t\t\t\t\t\t<img decoding=\"async\" width=\"600\" height=\"900\" src=\"https:\/\/thamesbritishschool.es\/wp-content\/uploads\/2025\/12\/admisiones.jpg\" class=\"attachment-full size-full wp-image-229\" alt=\"\" srcset=\"https:\/\/thamesbritishschool.es\/wp-content\/uploads\/2025\/12\/admisiones.jpg 600w, https:\/\/thamesbritishschool.es\/wp-content\/uploads\/2025\/12\/admisiones-200x300.jpg 200w\" sizes=\"(max-width: 600px) 100vw, 600px\" \/>\t\t\t\t\t\t\t\t\t\t\t\t\t\t\t<\/div>\n\t\t\t\t<\/div>\n\t\t\t\t<\/div>\n\t\t\t\t\t<\/div>\n\t\t\t\t<\/div>\n\t\t\t\t<\/div>\n\t\t","protected":false},"excerpt":{"rendered":"<p>Transporte. Desde cualquier punto de Madrid. Nuestro serviciode autobuses. Thames British School est\u00e1 situado en Majadahonda (Madrid). Ofrecemos servicio de autob\u00fas escolar para alumnos de Early Years en adelante, con recogida por la ma\u00f1ana y salida por la tarde. El servicio cubre m\u00faltiples rutas por Madrid, garantizando un desplazamiento seguro y c\u00f3modo de ida y [&hellip;]<\/p>\n","protected":false},"author":1,"featured_media":0,"parent":1484,"menu_order":52,"comment_status":"closed","ping_status":"closed","template":"","meta":{"footnotes":""},"class_list":["post-839","page","type-page","status-publish","hentry"],"yoast_head":"<!-- This site is optimized with the Yoast SEO plugin v27.3 - https:\/\/yoast.com\/product\/yoast-seo-wordpress\/ -->\n<title>Transporte - Thames British School<\/title>\n<meta name=\"robots\" content=\"noindex, follow, max-snippet:-1, max-image-preview:large, max-video-preview:-1\" \/>\n<meta property=\"og:locale\" content=\"es_ES\" \/>\n<meta property=\"og:type\" content=\"article\" \/>\n<meta property=\"og:title\" content=\"Transporte - Thames British School\" \/>\n<meta property=\"og:description\" content=\"Transporte. Desde cualquier punto de Madrid. Nuestro serviciode autobuses. Thames British School est\u00e1 situado en Majadahonda (Madrid). Ofrecemos servicio de autob\u00fas escolar para alumnos de Early Years en adelante, con recogida por la ma\u00f1ana y salida por la tarde. El servicio cubre m\u00faltiples rutas por Madrid, garantizando un desplazamiento seguro y c\u00f3modo de ida y [&hellip;]\" \/>\n<meta property=\"og:url\" content=\"https:\/\/thamesbritishschool.es\/es\/colegio-internacional-madrid\/ruta-escolar\/\" \/>\n<meta property=\"og:site_name\" content=\"Thames British School\" \/>\n<meta property=\"article:modified_time\" content=\"2026-02-17T17:43:23+00:00\" \/>\n<meta property=\"og:image\" content=\"https:\/\/thamesbritishschool.es\/wp-content\/uploads\/2026\/01\/Autobus-pareja.jpg\" \/>\n\t<meta property=\"og:image:width\" content=\"900\" \/>\n\t<meta property=\"og:image:height\" content=\"451\" \/>\n\t<meta property=\"og:image:type\" content=\"image\/jpeg\" \/>\n<meta name=\"twitter:card\" content=\"summary_large_image\" \/>\n<meta name=\"twitter:label1\" content=\"Tiempo de lectura\" \/>\n\t<meta name=\"twitter:data1\" content=\"1 minuto\" \/>\n<script type=\"application\/ld+json\" class=\"yoast-schema-graph\">{\"@context\":\"https:\\\/\\\/schema.org\",\"@graph\":[{\"@type\":\"WebPage\",\"@id\":\"https:\\\/\\\/thamesbritishschool.es\\\/es\\\/colegio-internacional-madrid\\\/ruta-escolar\\\/\",\"url\":\"https:\\\/\\\/thamesbritishschool.es\\\/es\\\/colegio-internacional-madrid\\\/ruta-escolar\\\/\",\"name\":\"Transporte - Thames British School\",\"isPartOf\":{\"@id\":\"https:\\\/\\\/thamesbritishschool.es\\\/es\\\/#website\"},\"primaryImageOfPage\":{\"@id\":\"https:\\\/\\\/thamesbritishschool.es\\\/es\\\/colegio-internacional-madrid\\\/ruta-escolar\\\/#primaryimage\"},\"image\":{\"@id\":\"https:\\\/\\\/thamesbritishschool.es\\\/es\\\/colegio-internacional-madrid\\\/ruta-escolar\\\/#primaryimage\"},\"thumbnailUrl\":\"https:\\\/\\\/thamesbritishschool.es\\\/wp-content\\\/uploads\\\/2026\\\/01\\\/Autobus-pareja.jpg\",\"datePublished\":\"2026-01-11T08:05:25+00:00\",\"dateModified\":\"2026-02-17T17:43:23+00:00\",\"breadcrumb\":{\"@id\":\"https:\\\/\\\/thamesbritishschool.es\\\/es\\\/colegio-internacional-madrid\\\/ruta-escolar\\\/#breadcrumb\"},\"inLanguage\":\"es\",\"potentialAction\":[{\"@type\":\"ReadAction\",\"target\":[\"https:\\\/\\\/thamesbritishschool.es\\\/es\\\/colegio-internacional-madrid\\\/ruta-escolar\\\/\"]}]},{\"@type\":\"ImageObject\",\"inLanguage\":\"es\",\"@id\":\"https:\\\/\\\/thamesbritishschool.es\\\/es\\\/colegio-internacional-madrid\\\/ruta-escolar\\\/#primaryimage\",\"url\":\"https:\\\/\\\/thamesbritishschool.es\\\/wp-content\\\/uploads\\\/2026\\\/01\\\/Autobus-pareja.jpg\",\"contentUrl\":\"https:\\\/\\\/thamesbritishschool.es\\\/wp-content\\\/uploads\\\/2026\\\/01\\\/Autobus-pareja.jpg\"},{\"@type\":\"BreadcrumbList\",\"@id\":\"https:\\\/\\\/thamesbritishschool.es\\\/es\\\/colegio-internacional-madrid\\\/ruta-escolar\\\/#breadcrumb\",\"itemListElement\":[{\"@type\":\"ListItem\",\"position\":1,\"name\":\"Home\",\"item\":\"https:\\\/\\\/thamesbritishschool.es\\\/es\\\/\"},{\"@type\":\"ListItem\",\"position\":2,\"name\":\"Comunidad Thames\",\"item\":\"https:\\\/\\\/thamesbritishschool.es\\\/es\\\/colegio-internacional-madrid\\\/\"},{\"@type\":\"ListItem\",\"position\":3,\"name\":\"Transporte\"}]},{\"@type\":\"WebSite\",\"@id\":\"https:\\\/\\\/thamesbritishschool.es\\\/es\\\/#website\",\"url\":\"https:\\\/\\\/thamesbritishschool.es\\\/es\\\/\",\"name\":\"Thames British School\",\"description\":\"\",\"potentialAction\":[{\"@type\":\"SearchAction\",\"target\":{\"@type\":\"EntryPoint\",\"urlTemplate\":\"https:\\\/\\\/thamesbritishschool.es\\\/es\\\/?s={search_term_string}\"},\"query-input\":{\"@type\":\"PropertyValueSpecification\",\"valueRequired\":true,\"valueName\":\"search_term_string\"}}],\"inLanguage\":\"es\"}]}<\/script>\n<!-- \/ Yoast SEO plugin. -->","yoast_head_json":{"title":"Transporte - Thames British School","robots":{"index":"noindex","follow":"follow","max-snippet":"max-snippet:-1","max-image-preview":"max-image-preview:large","max-video-preview":"max-video-preview:-1"},"og_locale":"es_ES","og_type":"article","og_title":"Transporte - Thames British School","og_description":"Transporte. Desde cualquier punto de Madrid. Nuestro serviciode autobuses. Thames British School est\u00e1 situado en Majadahonda (Madrid). Ofrecemos servicio de autob\u00fas escolar para alumnos de Early Years en adelante, con recogida por la ma\u00f1ana y salida por la tarde. El servicio cubre m\u00faltiples rutas por Madrid, garantizando un desplazamiento seguro y c\u00f3modo de ida y [&hellip;]","og_url":"https:\/\/thamesbritishschool.es\/es\/colegio-internacional-madrid\/ruta-escolar\/","og_site_name":"Thames British School","article_modified_time":"2026-02-17T17:43:23+00:00","og_image":[{"width":900,"height":451,"url":"https:\/\/thamesbritishschool.es\/wp-content\/uploads\/2026\/01\/Autobus-pareja.jpg","type":"image\/jpeg"}],"twitter_card":"summary_large_image","twitter_misc":{"Tiempo de lectura":"1 minuto"},"schema":{"@context":"https:\/\/schema.org","@graph":[{"@type":"WebPage","@id":"https:\/\/thamesbritishschool.es\/es\/colegio-internacional-madrid\/ruta-escolar\/","url":"https:\/\/thamesbritishschool.es\/es\/colegio-internacional-madrid\/ruta-escolar\/","name":"Transporte - Thames British School","isPartOf":{"@id":"https:\/\/thamesbritishschool.es\/es\/#website"},"primaryImageOfPage":{"@id":"https:\/\/thamesbritishschool.es\/es\/colegio-internacional-madrid\/ruta-escolar\/#primaryimage"},"image":{"@id":"https:\/\/thamesbritishschool.es\/es\/colegio-internacional-madrid\/ruta-escolar\/#primaryimage"},"thumbnailUrl":"https:\/\/thamesbritishschool.es\/wp-content\/uploads\/2026\/01\/Autobus-pareja.jpg","datePublished":"2026-01-11T08:05:25+00:00","dateModified":"2026-02-17T17:43:23+00:00","breadcrumb":{"@id":"https:\/\/thamesbritishschool.es\/es\/colegio-internacional-madrid\/ruta-escolar\/#breadcrumb"},"inLanguage":"es","potentialAction":[{"@type":"ReadAction","target":["https:\/\/thamesbritishschool.es\/es\/colegio-internacional-madrid\/ruta-escolar\/"]}]},{"@type":"ImageObject","inLanguage":"es","@id":"https:\/\/thamesbritishschool.es\/es\/colegio-internacional-madrid\/ruta-escolar\/#primaryimage","url":"https:\/\/thamesbritishschool.es\/wp-content\/uploads\/2026\/01\/Autobus-pareja.jpg","contentUrl":"https:\/\/thamesbritishschool.es\/wp-content\/uploads\/2026\/01\/Autobus-pareja.jpg"},{"@type":"BreadcrumbList","@id":"https:\/\/thamesbritishschool.es\/es\/colegio-internacional-madrid\/ruta-escolar\/#breadcrumb","itemListElement":[{"@type":"ListItem","position":1,"name":"Home","item":"https:\/\/thamesbritishschool.es\/es\/"},{"@type":"ListItem","position":2,"name":"Comunidad Thames","item":"https:\/\/thamesbritishschool.es\/es\/colegio-internacional-madrid\/"},{"@type":"ListItem","position":3,"name":"Transporte"}]},{"@type":"WebSite","@id":"https:\/\/thamesbritishschool.es\/es\/#website","url":"https:\/\/thamesbritishschool.es\/es\/","name":"Thames British School","description":"","potentialAction":[{"@type":"SearchAction","target":{"@type":"EntryPoint","urlTemplate":"https:\/\/thamesbritishschool.es\/es\/?s={search_term_string}"},"query-input":{"@type":"PropertyValueSpecification","valueRequired":true,"valueName":"search_term_string"}}],"inLanguage":"es"}]}},"_links":{"self":[{"href":"https:\/\/thamesbritishschool.es\/es\/wp-json\/wp\/v2\/pages\/839","targetHints":{"allow":["GET"]}}],"collection":[{"href":"https:\/\/thamesbritishschool.es\/es\/wp-json\/wp\/v2\/pages"}],"about":[{"href":"https:\/\/thamesbritishschool.es\/es\/wp-json\/wp\/v2\/types\/page"}],"author":[{"embeddable":true,"href":"https:\/\/thamesbritishschool.es\/es\/wp-json\/wp\/v2\/users\/1"}],"replies":[{"embeddable":true,"href":"https:\/\/thamesbritishschool.es\/es\/wp-json\/wp\/v2\/comments?post=839"}],"version-history":[{"count":22,"href":"https:\/\/thamesbritishschool.es\/es\/wp-json\/wp\/v2\/pages\/839\/revisions"}],"predecessor-version":[{"id":1633,"href":"https:\/\/thamesbritishschool.es\/es\/wp-json\/wp\/v2\/pages\/839\/revisions\/1633"}],"up":[{"embeddable":true,"href":"https:\/\/thamesbritishschool.es\/es\/wp-json\/wp\/v2\/pages\/1484"}],"wp:attachment":[{"href":"https:\/\/thamesbritishschool.es\/es\/wp-json\/wp\/v2\/media?parent=839"}],"curies":[{"name":"wp","href":"https:\/\/api.w.org\/{rel}","templated":true}]}}